{"id":1465,"date":"2022-04-02T15:13:46","date_gmt":"2022-04-02T13:13:46","guid":{"rendered":"https:\/\/uls.speck-it.de\/formularios\/"},"modified":"2022-11-18T23:25:52","modified_gmt":"2022-11-18T22:25:52","slug":"formularios","status":"publish","type":"page","link":"https:\/\/www.ullstein.info\/es\/formularios\/","title":{"rendered":"Formularios"},"content":{"rendered":"<p>[vc_row enable_waypoint=\u00bbenable_waypoint\u00bb viewportfactor=\u00bb0&#8243; effect=\u00bbfadeIn\u00bb css=\u00bb.vc_custom_1445068137911{margin-bottom: 5px !important;}\u00bb][vc_column][vc_row enable_waypoint=\u00bbenable_waypoint\u00bb viewportfactor=\u00bb0&#8243; effect=\u00bbfadeIn\u00bb css=\u00bb.vc_custom_1445068137911{margin-bottom: 5px !important;}\u00bb][vc_column]<div id=\"ultimate-heading69f2624292fe3\" class=\"uvc-heading ultimate-heading69f2624292fe3 uvc-4928 \" data-hspacer=\"icon_only\"  data-halign=\"left\" style=\"text-align:left\"><div class=\"uvc-heading-spacer icon_only\" style=\"top\"><div class=\"ult-just-icon-wrapper \"><div class=\"align-icon\" style=\"text-align:left;\">\n<div class=\"aio-icon advanced \"  style=\"color:#0088ff;border-style:solid;border-color:#e4e4e4;border-width:1px;width:50px;height:50px;line-height:50px;border-radius:25px;font-size:20px;\">\n\t<i class=\"ALLIcons-file-pdf2\"><\/i>\n<\/div><\/div><\/div><\/div><div class=\"uvc-sub-heading ult-responsive\"  data-ultimate-target='.uvc-heading.ultimate-heading69f2624292fe3 .uvc-sub-heading '  data-responsive-json-new='{\"font-size\":\"\",\"line-height\":\"\"}'  style=\"font-weight:normal;\"><span style=\"color: #333333; display: block; padding-top: 10px;\">Agradecemos su inter\u00e9s en una de nuestras ofertas.<\/span><\/div><\/div>[\/vc_column][\/vc_row]Agradecemos su inter\u00e9s en una de nuestras ofertas.[\/ultimate_heading][\/vc_column][\/vc_row][vc_row enable_waypoint=\u00bbenable_waypoint\u00bb viewportfactor=\u00bb0&#8243; effect=\u00bbfadeInUp\u00bb timing=\u00bbeaseInOut\u00bb][vc_column][vc_column_text]Rogamos nos faciliten los formularios y las copias que se indican a continuaci\u00f3n (documentos n\u00ba 1-4) para su presentaci\u00f3n al arrendador (el documento n\u00ba 2 se puede entregar en una fecha posterior):<\/p>\n<ol>\n<li><span style=\"color: #333333;\"><a style=\"color: #333333;\" href=\"https:\/\/www.ullstein.info\/wp-content\/uploads\/2022\/04\/ULS-Selbstauskunft.pdf\" >Declaraci\u00f3n Propia<\/a> &#8211; descargar aqu\u00ed por favor, imprimir, dejar cumplimentada y escanear si es necesario<\/span><\/li>\n<li><span style=\"color: #333333;\"><a style=\"color: #333333;\" href=\"https:\/\/www.ullstein.info\/wp-content\/uploads\/2022\/04\/ULS-VVBestaetigung1.pdf\" >Declaraci\u00f3n del arrendador anterior<\/a> &#8211; hier bitte herunterladen, ausdrucken, ausf\u00fcllen lassen und ggf. einscannen<\/span><\/li>\n<li><span style=\"color: #333333;\">Copia\/Copia escaneada de la n\u00f3mina, del contrato laboral o de la notificaci\u00f3n de la pensi\u00f3n seg\u00fan el caso \u2013 siempre con la \u00faltima versi\u00f3n<br \/>\n<\/span><\/li>\n<li><span style=\"color: #333333;\">Copia\/Copia escaneada del DNI o del pasaporte<\/span><\/li>\n<\/ol>\n<p><span style=\"color: #0088ff;\">Rogamos nos entreguen los documentos con motivo de la visita o env\u00edenoslos despu\u00e9s de la visita:<\/span><\/p>\n<ul>\n<li><span style=\"color: #333333;\">sea de <span style=\"color: #0088ff;\">forma escaneada por correo electr\u00f3nico<\/span> a <a style=\"color: #333333;\" href=\"mailto:mail@ullstein.info\">mail@ullstein.info<\/a><\/span><\/li>\n<li><span style=\"color: #333333;\">o por <span style=\"color: #0088ff;\">fax<\/span> al +49 (0)69-67731119 &#8211; enviar la copia del DNI de forma muy luminosa por favor<\/span><\/li>\n<li><span style=\"color: #333333;\">o por<span style=\"color: #0088ff;\"> carta<\/span> a Ullstein Immobilienmakler, Morgensternstr. 37, 60596 Frankfurt\/Main<\/span><\/li>\n<\/ul>\n<p>Una vez recibidos los documentos le contactaremos en un plazo m\u00e1ximo de 48 horas, contando s\u00f3lo d\u00edas laborables. Muchas gracias por su env\u00edo.<\/p>\n<hr \/>\n<p><span style=\"color: #333333;\">Utilizamos los siguientes formularios y gu\u00edas para la modalidad de arrendamiento:<\/span><\/p>\n<ul>\n<li><span style=\"color: #333333;\"><a style=\"color: #333333;\" href=\"https:\/\/www.ullstein.info\/wp-content\/uploads\/2022\/04\/Meldebestaetigung.pdf\" >Certificado de empadronamiento<\/a><\/span><\/li>\n<li><span style=\"color: #333333;\"><a style=\"color: #333333;\" href=\"https:\/\/www.ullstein.info\/wp-content\/uploads\/2022\/04\/Wohnungsuebergabe-und-Abnahme-2016.pdf\">Protocolo de entrega de llaves e inspecci\u00f3n final del apartamento<\/a><\/span><\/li>\n<li><span style=\"color: #333333;\"><a style=\"color: #333333;\" href=\"https:\/\/www.ullstein.info\/wp-content\/uploads\/2022\/04\/ULS-Heizen-und-Lueften.pdf\">Calentar y ventilar correctamente = Vida Sana<\/a><\/span><\/li>\n<\/ul>\n<p>[\/vc_column_text][\/vc_column][\/vc_row]<\/p>\n","protected":false},"excerpt":{"rendered":"<p>[vc_row enable_waypoint=\u00bbenable_waypoint\u00bb viewportfactor=\u00bb0&#8243; effect=\u00bbfadeIn\u00bb css=\u00bb.vc_custom_1445068137911{margin-bottom: 5px !important;}\u00bb][vc_column][vc_row enable_waypoint=\u00bbenable_waypoint\u00bb viewportfactor=\u00bb0&#8243; effect=\u00bbfadeIn\u00bb css=\u00bb.vc_custom_1445068137911{margin-bottom: 5px !important;}\u00bb][vc_column][\/vc_column][\/vc_row]Agradecemos su inter\u00e9s en una de nuestras ofertas.[\/ultimate_heading][\/vc_column][\/vc_row][vc_row enable_waypoint=\u00bbenable_waypoint\u00bb viewportfactor=\u00bb0&#8243; effect=\u00bbfadeInUp\u00bb timing=\u00bbeaseInOut\u00bb][vc_column][vc_column_text]Rogamos nos faciliten los formularios y las copias que se indican a continuaci\u00f3n (documentos n\u00ba 1-4) para su presentaci\u00f3n al arrendador (el documento n\u00ba 2 se puede entregar en una fecha posterior): <span class=\"moretag\"><a href=\"https:\/\/www.ullstein.info\/es\/formularios\/\">M\u00e1s info<\/a><\/span><\/p>\n","protected":false},"author":1,"featured_media":1425,"parent":0,"menu_order":0,"comment_status":"closed","ping_status":"closed","template":"","meta":[],"yoast_head":"<!-- This site is optimized with the Yoast SEO plugin v19.10 - https:\/\/yoast.com\/wordpress\/plugins\/seo\/ -->\n<title>Formularios - Ullstein Immobilienmakler - Verkauf und Vermietung von Immobilien - Frankfurt am Main - D\u00fcsseldorf - K\u00f6ln - Berlin<\/title>\n<meta name=\"robots\" content=\"index, follow, max-snippet:-1, max-image-preview:large, max-video-preview:-1\" \/>\n<link rel=\"canonical\" href=\"https:\/\/www.ullstein.info\/es\/formularios\/\" \/>\n<meta property=\"og:locale\" content=\"es_ES\" \/>\n<meta property=\"og:type\" content=\"article\" \/>\n<meta property=\"og:title\" content=\"Formularios - Ullstein Immobilienmakler - Verkauf und Vermietung von Immobilien - Frankfurt am Main - D\u00fcsseldorf - K\u00f6ln - Berlin\" \/>\n<meta property=\"og:description\" content=\"[vc_row enable_waypoint=\u00bbenable_waypoint\u00bb viewportfactor=\u00bb0&#8243; effect=\u00bbfadeIn\u00bb css=\u00bb.vc_custom_1445068137911{margin-bottom: 5px !important;}\u00bb][vc_column][vc_row enable_waypoint=\u00bbenable_waypoint\u00bb viewportfactor=\u00bb0&#8243; effect=\u00bbfadeIn\u00bb css=\u00bb.vc_custom_1445068137911{margin-bottom: 5px !important;}\u00bb][vc_column][\/vc_column][\/vc_row]Agradecemos su inter\u00e9s en una de nuestras ofertas.[\/ultimate_heading][\/vc_column][\/vc_row][vc_row enable_waypoint=\u00bbenable_waypoint\u00bb viewportfactor=\u00bb0&#8243; effect=\u00bbfadeInUp\u00bb timing=\u00bbeaseInOut\u00bb][vc_column][vc_column_text]Rogamos nos faciliten los formularios y las copias que se indican a continuaci\u00f3n (documentos n\u00ba 1-4) para su presentaci\u00f3n al arrendador (el documento n\u00ba 2 se puede entregar en una fecha posterior): M\u00e1s info\" \/>\n<meta property=\"og:url\" content=\"https:\/\/www.ullstein.info\/es\/formularios\/\" \/>\n<meta property=\"og:site_name\" content=\"Ullstein Immobilienmakler - Verkauf und Vermietung von Immobilien - Frankfurt am Main - D\u00fcsseldorf - K\u00f6ln - Berlin\" \/>\n<meta property=\"article:modified_time\" content=\"2022-11-18T22:25:52+00:00\" \/>\n<meta property=\"og:image\" content=\"https:\/\/www.ullstein.info\/wp-content\/uploads\/2022\/04\/weiss.jpg\" \/>\n\t<meta property=\"og:image:width\" content=\"1635\" \/>\n\t<meta property=\"og:image:height\" content=\"562\" \/>\n\t<meta property=\"og:image:type\" content=\"image\/jpeg\" \/>\n<meta name=\"twitter:card\" content=\"summary_large_image\" \/>\n<meta name=\"twitter:label1\" content=\"Tiempo de lectura\" \/>\n\t<meta name=\"twitter:data1\" content=\"2 minutos\" \/>\n<script type=\"application\/ld+json\" class=\"yoast-schema-graph\">{\"@context\":\"https:\/\/schema.org\",\"@graph\":[{\"@type\":\"WebPage\",\"@id\":\"https:\/\/www.ullstein.info\/es\/formularios\/\",\"url\":\"https:\/\/www.ullstein.info\/es\/formularios\/\",\"name\":\"Formularios - Ullstein Immobilienmakler - Verkauf und Vermietung von Immobilien - Frankfurt am Main - D\u00fcsseldorf - K\u00f6ln - Berlin\",\"isPartOf\":{\"@id\":\"https:\/\/www.ullstein.info\/#website\"},\"datePublished\":\"2022-04-02T13:13:46+00:00\",\"dateModified\":\"2022-11-18T22:25:52+00:00\",\"breadcrumb\":{\"@id\":\"https:\/\/www.ullstein.info\/es\/formularios\/#breadcrumb\"},\"inLanguage\":\"es\",\"potentialAction\":[{\"@type\":\"ReadAction\",\"target\":[\"https:\/\/www.ullstein.info\/es\/formularios\/\"]}]},{\"@type\":\"BreadcrumbList\",\"@id\":\"https:\/\/www.ullstein.info\/es\/formularios\/#breadcrumb\",\"itemListElement\":[{\"@type\":\"ListItem\",\"position\":1,\"name\":\"Startseite\",\"item\":\"https:\/\/www.ullstein.info\/es\/\"},{\"@type\":\"ListItem\",\"position\":2,\"name\":\"Formularios\"}]},{\"@type\":\"WebSite\",\"@id\":\"https:\/\/www.ullstein.info\/#website\",\"url\":\"https:\/\/www.ullstein.info\/\",\"name\":\"Ullstein Immobilienmakler - Verkauf und Vermietung von Immobilien - Frankfurt am Main - D\u00fcsseldorf - K\u00f6ln - Berlin\",\"description\":\"\",\"potentialAction\":[{\"@type\":\"SearchAction\",\"target\":{\"@type\":\"EntryPoint\",\"urlTemplate\":\"https:\/\/www.ullstein.info\/?s={search_term_string}\"},\"query-input\":\"required name=search_term_string\"}],\"inLanguage\":\"es\"}]}<\/script>\n<!-- \/ Yoast SEO plugin. -->","yoast_head_json":{"title":"Formularios - Ullstein Immobilienmakler - Verkauf und Vermietung von Immobilien - Frankfurt am Main - D\u00fcsseldorf - K\u00f6ln - Berlin","robots":{"index":"index","follow":"follow","max-snippet":"max-snippet:-1","max-image-preview":"max-image-preview:large","max-video-preview":"max-video-preview:-1"},"canonical":"https:\/\/www.ullstein.info\/es\/formularios\/","og_locale":"es_ES","og_type":"article","og_title":"Formularios - Ullstein Immobilienmakler - Verkauf und Vermietung von Immobilien - Frankfurt am Main - D\u00fcsseldorf - K\u00f6ln - Berlin","og_description":"[vc_row enable_waypoint=\u00bbenable_waypoint\u00bb viewportfactor=\u00bb0&#8243; effect=\u00bbfadeIn\u00bb css=\u00bb.vc_custom_1445068137911{margin-bottom: 5px !important;}\u00bb][vc_column][vc_row enable_waypoint=\u00bbenable_waypoint\u00bb viewportfactor=\u00bb0&#8243; effect=\u00bbfadeIn\u00bb css=\u00bb.vc_custom_1445068137911{margin-bottom: 5px !important;}\u00bb][vc_column][\/vc_column][\/vc_row]Agradecemos su inter\u00e9s en una de nuestras ofertas.[\/ultimate_heading][\/vc_column][\/vc_row][vc_row enable_waypoint=\u00bbenable_waypoint\u00bb viewportfactor=\u00bb0&#8243; effect=\u00bbfadeInUp\u00bb timing=\u00bbeaseInOut\u00bb][vc_column][vc_column_text]Rogamos nos faciliten los formularios y las copias que se indican a continuaci\u00f3n (documentos n\u00ba 1-4) para su presentaci\u00f3n al arrendador (el documento n\u00ba 2 se puede entregar en una fecha posterior): M\u00e1s info","og_url":"https:\/\/www.ullstein.info\/es\/formularios\/","og_site_name":"Ullstein Immobilienmakler - Verkauf und Vermietung von Immobilien - Frankfurt am Main - D\u00fcsseldorf - K\u00f6ln - Berlin","article_modified_time":"2022-11-18T22:25:52+00:00","og_image":[{"width":1635,"height":562,"url":"https:\/\/www.ullstein.info\/wp-content\/uploads\/2022\/04\/weiss.jpg","type":"image\/jpeg"}],"twitter_card":"summary_large_image","twitter_misc":{"Tiempo de lectura":"2 minutos"},"schema":{"@context":"https:\/\/schema.org","@graph":[{"@type":"WebPage","@id":"https:\/\/www.ullstein.info\/es\/formularios\/","url":"https:\/\/www.ullstein.info\/es\/formularios\/","name":"Formularios - Ullstein Immobilienmakler - Verkauf und Vermietung von Immobilien - Frankfurt am Main - D\u00fcsseldorf - K\u00f6ln - Berlin","isPartOf":{"@id":"https:\/\/www.ullstein.info\/#website"},"datePublished":"2022-04-02T13:13:46+00:00","dateModified":"2022-11-18T22:25:52+00:00","breadcrumb":{"@id":"https:\/\/www.ullstein.info\/es\/formularios\/#breadcrumb"},"inLanguage":"es","potentialAction":[{"@type":"ReadAction","target":["https:\/\/www.ullstein.info\/es\/formularios\/"]}]},{"@type":"BreadcrumbList","@id":"https:\/\/www.ullstein.info\/es\/formularios\/#breadcrumb","itemListElement":[{"@type":"ListItem","position":1,"name":"Startseite","item":"https:\/\/www.ullstein.info\/es\/"},{"@type":"ListItem","position":2,"name":"Formularios"}]},{"@type":"WebSite","@id":"https:\/\/www.ullstein.info\/#website","url":"https:\/\/www.ullstein.info\/","name":"Ullstein Immobilienmakler - Verkauf und Vermietung von Immobilien - Frankfurt am Main - D\u00fcsseldorf - K\u00f6ln - Berlin","description":"","potentialAction":[{"@type":"SearchAction","target":{"@type":"EntryPoint","urlTemplate":"https:\/\/www.ullstein.info\/?s={search_term_string}"},"query-input":"required name=search_term_string"}],"inLanguage":"es"}]}},"_links":{"self":[{"href":"https:\/\/www.ullstein.info\/es\/wp-json\/wp\/v2\/pages\/1465"}],"collection":[{"href":"https:\/\/www.ullstein.info\/es\/wp-json\/wp\/v2\/pages"}],"about":[{"href":"https:\/\/www.ullstein.info\/es\/wp-json\/wp\/v2\/types\/page"}],"author":[{"embeddable":true,"href":"https:\/\/www.ullstein.info\/es\/wp-json\/wp\/v2\/users\/1"}],"replies":[{"embeddable":true,"href":"https:\/\/www.ullstein.info\/es\/wp-json\/wp\/v2\/comments?post=1465"}],"version-history":[{"count":11,"href":"https:\/\/www.ullstein.info\/es\/wp-json\/wp\/v2\/pages\/1465\/revisions"}],"predecessor-version":[{"id":2440,"href":"https:\/\/www.ullstein.info\/es\/wp-json\/wp\/v2\/pages\/1465\/revisions\/2440"}],"wp:featuredmedia":[{"embeddable":true,"href":"https:\/\/www.ullstein.info\/es\/wp-json\/wp\/v2\/media\/1425"}],"wp:attachment":[{"href":"https:\/\/www.ullstein.info\/es\/wp-json\/wp\/v2\/media?parent=1465"}],"curies":[{"name":"wp","href":"https:\/\/api.w.org\/{rel}","templated":true}]}}