{"id":1494,"date":"2022-04-02T16:38:56","date_gmt":"2022-04-02T14:38:56","guid":{"rendered":"https:\/\/uls.speck-it.de\/aviso-legal\/"},"modified":"2022-11-16T15:47:15","modified_gmt":"2022-11-16T14:47:15","slug":"aviso-legal","status":"publish","type":"page","link":"https:\/\/www.ullstein.info\/es\/aviso-legal\/","title":{"rendered":"Aviso Legal"},"content":{"rendered":"<p>[vc_row enable_waypoint=\u00bbenable_waypoint\u00bb viewportfactor=\u00bb0&#8243; effect=\u00bbfadeInUp\u00bb timing=\u00bbeaseInOut\u00bb][vc_column][vc_column_text]<\/p>\n<h2><span style=\"color: #333333;\">Impressum Angaben gem\u00e4\u00df \u00a7 5 TMG:<\/span><\/h2>\n<p><span style=\"color: #333333;\">verantwortlich f\u00fcr den Inhalt: Angela Ullstein<\/span><\/p>\n<p><span style=\"color: #333333;\">Ullstein Immobilienmakler<\/span><br \/>\n<span style=\"color: #333333;\"> Inh. Angela Ullstein<\/span><br \/>\n<span style=\"color: #333333;\"> Morgensternstra\u00dfe 37<\/span><br \/>\n<span style=\"color: #333333;\"> 60596 Frankfurt am Main<\/span><\/p>\n<p><span style=\"color: #333333;\">Tel. +49 (0)69-67731110<\/span><br \/>\n<span style=\"color: #333333;\"> Fax. +49 (0)69-67731119<\/span><br \/>\n<span style=\"color: #333333;\"> Mobil +49 (0)171-3286653<\/span><br \/>\n<span style=\"color: #333333;\"> mail@ullstein.info<\/span><br \/>\n<span style=\"color: #333333;\"> www.ullstein.info<\/span><\/p>\n<p><span style=\"color: #333333;\">Umsatzsteueridentifikationsnr. DE17639759<\/span><\/p>\n<p><span style=\"color: #333333;\">Erlaubnis nach \u00a734 der Gewerbeordnung erteilt f\u00fcr Angela Ullstein am 04.06.1996 durch den Landrat Kreis Offenbach, Werner-Hilpert-Str. 1, 63128 Dietzenbach.<\/span><\/p>\n<h2><span style=\"color: #333333;\">Haftungsausschluss (Disclaimer)<\/span><\/h2>\n<h3><span style=\"color: #333333;\"><strong>Haftung f\u00fcr Inhalte<\/strong><\/span><\/h3>\n<p><span style=\"color: #333333;\">Als Diensteanbieter sind wir gem\u00e4\u00df \u00a7 7 Abs.1 TMG f\u00fcr eigene Inhalte auf diesen Seiten nach den allgemeinen Gesetzen verantwortlich. Nach \u00a7\u00a7 8 bis 10 TMG sind wir als Diensteanbieter jedoch nicht verpflichtet, \u00fcbermittelte oder gespeicherte fremde Informationen zu \u00fcberwachen oder nach Umst\u00e4nden zu forschen, die auf eine rechtswidrige T\u00e4tigkeit hinweisen. Verpflichtungen zur Entfernung oder Sperrung der Nutzung von Informationen nach den allgemeinen Gesetzen bleiben hiervon unber\u00fchrt. Eine diesbez\u00fcgliche Haftung ist jedoch erst ab dem Zeitpunkt der Kenntnis einer konkreten Rechtsverletzung m\u00f6glich. Bei Bekanntwerden von entsprechenden Rechtsverletzungen werden wir diese Inhalte umgehend entfernen.<\/span><\/p>\n<h3><span style=\"color: #333333;\"><strong>Haftung f\u00fcr Links<\/strong><\/span><\/h3>\n<p><span style=\"color: #333333;\">Unser Angebot enth\u00e4lt Links zu externen Webseiten Dritter, auf deren Inhalte wir keinen Einfluss haben. Deshalb k\u00f6nnen wir f\u00fcr diese fremden Inhalte auch keine Gew\u00e4hr \u00fcbernehmen. F\u00fcr die Inhalte der verlinkten Seiten ist stets der jeweilige Anbieter oder Betreiber der Seiten verantwortlich. Die verlinkten Seiten wurden zum Zeitpunkt der Verlinkung auf m\u00f6gliche Rechtsverst\u00f6\u00dfe \u00fcberpr\u00fcft. Rechtswidrige Inhalte waren zum Zeitpunkt der Verlinkung nicht erkennbar. Eine permanente inhaltliche Kontrolle der verlinkten Seiten ist jedoch ohne konkrete Anhaltspunkte einer Rechtsverletzung nicht zumutbar. Bei Bekanntwerden von Rechtsverletzungen werden wir derartige Links umgehend entfernen.<\/span><\/p>\n<h3><span style=\"color: #333333;\"><strong>Urheberrecht<\/strong><\/span><\/h3>\n<p><span style=\"color: #333333;\">Die durch die Seitenbetreiber erstellten Inhalte und Werke auf diesen Seiten unterliegen dem deutschen Urheberrecht. Die Vervielf\u00e4ltigung, Bearbeitung, Verbreitung und jede Art der Verwertung au\u00dferhalb der Grenzen des Urheberrechtes bed\u00fcrfen der schriftlichen Zustimmung des jeweiligen Autors bzw. Erstellers. Downloads und Kopien dieser Seite sind nur f\u00fcr den privaten, nicht kommerziellen Gebrauch gestattet. Soweit die Inhalte auf dieser Seite nicht vom Betreiber erstellt wurden, werden die Urheberrechte Dritter beachtet. Insbesondere werden Inhalte Dritter als solche gekennzeichnet. Sollten Sie trotzdem auf eine Urheberrechtsverletzung aufmerksam werden, bitten wir um einen entsprechenden Hinweis. Bei Bekanntwerden von Rechtsverletzungen werden wir derartige Inhalte umgehend entfernen.<\/span><\/p>\n<h3><span style=\"color: #333333;\"><strong>Quellenangaben f\u00fcr die verwendeten Bilder und Grafiken<\/strong><\/span><\/h3>\n<p><span style=\"color: #333333;\">alexandre zveiger &#8211; Fotolia.com, Christian Hillebrand &#8211; Fotolia.com<\/span><\/p>\n<p>[\/vc_column_text][\/vc_column][\/vc_row]<\/p>\n","protected":false},"excerpt":{"rendered":"<p>[vc_row enable_waypoint=\u00bbenable_waypoint\u00bb viewportfactor=\u00bb0&#8243; effect=\u00bbfadeInUp\u00bb timing=\u00bbeaseInOut\u00bb][vc_column][vc_column_text] Impressum Angaben gem\u00e4\u00df \u00a7 5 TMG: verantwortlich f\u00fcr den Inhalt: Angela Ullstein Ullstein Immobilienmakler Inh. Angela Ullstein Morgensternstra\u00dfe 37 60596 Frankfurt am Main Tel. +49 (0)69-67731110 Fax. +49 (0)69-67731119 Mobil +49 (0)171-3286653 mail@ullstein.info www.ullstein.info Umsatzsteueridentifikationsnr. DE17639759 Erlaubnis nach \u00a734 der Gewerbeordnung erteilt f\u00fcr Angela Ullstein am 04.06.1996 durch den Landrat <span class=\"moretag\"><a href=\"https:\/\/www.ullstein.info\/es\/aviso-legal\/\">M\u00e1s info<\/a><\/span><\/p>\n","protected":false},"author":1,"featured_media":0,"parent":0,"menu_order":0,"comment_status":"closed","ping_status":"closed","template":"","meta":[],"yoast_head":"<!-- This site is optimized with the Yoast SEO plugin v19.10 - https:\/\/yoast.com\/wordpress\/plugins\/seo\/ -->\n<title>Aviso Legal - Ullstein Immobilienmakler - Verkauf und Vermietung von Immobilien - Frankfurt am Main - D\u00fcsseldorf - K\u00f6ln - Berlin<\/title>\n<meta name=\"robots\" content=\"index, follow, max-snippet:-1, max-image-preview:large, max-video-preview:-1\" \/>\n<link rel=\"canonical\" href=\"https:\/\/www.ullstein.info\/es\/aviso-legal\/\" \/>\n<meta property=\"og:locale\" content=\"es_ES\" \/>\n<meta property=\"og:type\" content=\"article\" \/>\n<meta property=\"og:title\" content=\"Aviso Legal - Ullstein Immobilienmakler - Verkauf und Vermietung von Immobilien - Frankfurt am Main - D\u00fcsseldorf - K\u00f6ln - Berlin\" \/>\n<meta property=\"og:description\" content=\"[vc_row enable_waypoint=\u00bbenable_waypoint\u00bb viewportfactor=\u00bb0&#8243; effect=\u00bbfadeInUp\u00bb timing=\u00bbeaseInOut\u00bb][vc_column][vc_column_text] Impressum Angaben gem\u00e4\u00df \u00a7 5 TMG: verantwortlich f\u00fcr den Inhalt: Angela Ullstein Ullstein Immobilienmakler Inh. Angela Ullstein Morgensternstra\u00dfe 37 60596 Frankfurt am Main Tel. +49 (0)69-67731110 Fax. +49 (0)69-67731119 Mobil +49 (0)171-3286653 mail@ullstein.info www.ullstein.info Umsatzsteueridentifikationsnr. DE17639759 Erlaubnis nach \u00a734 der Gewerbeordnung erteilt f\u00fcr Angela Ullstein am 04.06.1996 durch den Landrat M\u00e1s info\" \/>\n<meta property=\"og:url\" content=\"https:\/\/www.ullstein.info\/es\/aviso-legal\/\" \/>\n<meta property=\"og:site_name\" content=\"Ullstein Immobilienmakler - Verkauf und Vermietung von Immobilien - Frankfurt am Main - D\u00fcsseldorf - K\u00f6ln - Berlin\" \/>\n<meta property=\"article:modified_time\" content=\"2022-11-16T14:47:15+00:00\" \/>\n<meta name=\"twitter:card\" content=\"summary_large_image\" \/>\n<meta name=\"twitter:label1\" content=\"Tiempo de lectura\" \/>\n\t<meta name=\"twitter:data1\" content=\"2 minutos\" \/>\n<script type=\"application\/ld+json\" class=\"yoast-schema-graph\">{\"@context\":\"https:\/\/schema.org\",\"@graph\":[{\"@type\":\"WebPage\",\"@id\":\"https:\/\/www.ullstein.info\/es\/aviso-legal\/\",\"url\":\"https:\/\/www.ullstein.info\/es\/aviso-legal\/\",\"name\":\"Aviso Legal - Ullstein Immobilienmakler - Verkauf und Vermietung von Immobilien - Frankfurt am Main - D\u00fcsseldorf - K\u00f6ln - Berlin\",\"isPartOf\":{\"@id\":\"https:\/\/www.ullstein.info\/#website\"},\"datePublished\":\"2022-04-02T14:38:56+00:00\",\"dateModified\":\"2022-11-16T14:47:15+00:00\",\"breadcrumb\":{\"@id\":\"https:\/\/www.ullstein.info\/es\/aviso-legal\/#breadcrumb\"},\"inLanguage\":\"es\",\"potentialAction\":[{\"@type\":\"ReadAction\",\"target\":[\"https:\/\/www.ullstein.info\/es\/aviso-legal\/\"]}]},{\"@type\":\"BreadcrumbList\",\"@id\":\"https:\/\/www.ullstein.info\/es\/aviso-legal\/#breadcrumb\",\"itemListElement\":[{\"@type\":\"ListItem\",\"position\":1,\"name\":\"Startseite\",\"item\":\"https:\/\/www.ullstein.info\/es\/\"},{\"@type\":\"ListItem\",\"position\":2,\"name\":\"Aviso Legal\"}]},{\"@type\":\"WebSite\",\"@id\":\"https:\/\/www.ullstein.info\/#website\",\"url\":\"https:\/\/www.ullstein.info\/\",\"name\":\"Ullstein Immobilienmakler - Verkauf und Vermietung von Immobilien - Frankfurt am Main - D\u00fcsseldorf - K\u00f6ln - Berlin\",\"description\":\"\",\"potentialAction\":[{\"@type\":\"SearchAction\",\"target\":{\"@type\":\"EntryPoint\",\"urlTemplate\":\"https:\/\/www.ullstein.info\/?s={search_term_string}\"},\"query-input\":\"required name=search_term_string\"}],\"inLanguage\":\"es\"}]}<\/script>\n<!-- \/ Yoast SEO plugin. -->","yoast_head_json":{"title":"Aviso Legal - Ullstein Immobilienmakler - Verkauf und Vermietung von Immobilien - Frankfurt am Main - D\u00fcsseldorf - K\u00f6ln - Berlin","robots":{"index":"index","follow":"follow","max-snippet":"max-snippet:-1","max-image-preview":"max-image-preview:large","max-video-preview":"max-video-preview:-1"},"canonical":"https:\/\/www.ullstein.info\/es\/aviso-legal\/","og_locale":"es_ES","og_type":"article","og_title":"Aviso Legal - Ullstein Immobilienmakler - Verkauf und Vermietung von Immobilien - Frankfurt am Main - D\u00fcsseldorf - K\u00f6ln - Berlin","og_description":"[vc_row enable_waypoint=\u00bbenable_waypoint\u00bb viewportfactor=\u00bb0&#8243; effect=\u00bbfadeInUp\u00bb timing=\u00bbeaseInOut\u00bb][vc_column][vc_column_text] Impressum Angaben gem\u00e4\u00df \u00a7 5 TMG: verantwortlich f\u00fcr den Inhalt: Angela Ullstein Ullstein Immobilienmakler Inh. Angela Ullstein Morgensternstra\u00dfe 37 60596 Frankfurt am Main Tel. +49 (0)69-67731110 Fax. +49 (0)69-67731119 Mobil +49 (0)171-3286653 mail@ullstein.info www.ullstein.info Umsatzsteueridentifikationsnr. DE17639759 Erlaubnis nach \u00a734 der Gewerbeordnung erteilt f\u00fcr Angela Ullstein am 04.06.1996 durch den Landrat M\u00e1s info","og_url":"https:\/\/www.ullstein.info\/es\/aviso-legal\/","og_site_name":"Ullstein Immobilienmakler - Verkauf und Vermietung von Immobilien - Frankfurt am Main - D\u00fcsseldorf - K\u00f6ln - Berlin","article_modified_time":"2022-11-16T14:47:15+00:00","twitter_card":"summary_large_image","twitter_misc":{"Tiempo de lectura":"2 minutos"},"schema":{"@context":"https:\/\/schema.org","@graph":[{"@type":"WebPage","@id":"https:\/\/www.ullstein.info\/es\/aviso-legal\/","url":"https:\/\/www.ullstein.info\/es\/aviso-legal\/","name":"Aviso Legal - Ullstein Immobilienmakler - Verkauf und Vermietung von Immobilien - Frankfurt am Main - D\u00fcsseldorf - K\u00f6ln - Berlin","isPartOf":{"@id":"https:\/\/www.ullstein.info\/#website"},"datePublished":"2022-04-02T14:38:56+00:00","dateModified":"2022-11-16T14:47:15+00:00","breadcrumb":{"@id":"https:\/\/www.ullstein.info\/es\/aviso-legal\/#breadcrumb"},"inLanguage":"es","potentialAction":[{"@type":"ReadAction","target":["https:\/\/www.ullstein.info\/es\/aviso-legal\/"]}]},{"@type":"BreadcrumbList","@id":"https:\/\/www.ullstein.info\/es\/aviso-legal\/#breadcrumb","itemListElement":[{"@type":"ListItem","position":1,"name":"Startseite","item":"https:\/\/www.ullstein.info\/es\/"},{"@type":"ListItem","position":2,"name":"Aviso Legal"}]},{"@type":"WebSite","@id":"https:\/\/www.ullstein.info\/#website","url":"https:\/\/www.ullstein.info\/","name":"Ullstein Immobilienmakler - Verkauf und Vermietung von Immobilien - Frankfurt am Main - D\u00fcsseldorf - K\u00f6ln - Berlin","description":"","potentialAction":[{"@type":"SearchAction","target":{"@type":"EntryPoint","urlTemplate":"https:\/\/www.ullstein.info\/?s={search_term_string}"},"query-input":"required name=search_term_string"}],"inLanguage":"es"}]}},"_links":{"self":[{"href":"https:\/\/www.ullstein.info\/es\/wp-json\/wp\/v2\/pages\/1494"}],"collection":[{"href":"https:\/\/www.ullstein.info\/es\/wp-json\/wp\/v2\/pages"}],"about":[{"href":"https:\/\/www.ullstein.info\/es\/wp-json\/wp\/v2\/types\/page"}],"author":[{"embeddable":true,"href":"https:\/\/www.ullstein.info\/es\/wp-json\/wp\/v2\/users\/1"}],"replies":[{"embeddable":true,"href":"https:\/\/www.ullstein.info\/es\/wp-json\/wp\/v2\/comments?post=1494"}],"version-history":[{"count":2,"href":"https:\/\/www.ullstein.info\/es\/wp-json\/wp\/v2\/pages\/1494\/revisions"}],"predecessor-version":[{"id":2057,"href":"https:\/\/www.ullstein.info\/es\/wp-json\/wp\/v2\/pages\/1494\/revisions\/2057"}],"wp:attachment":[{"href":"https:\/\/www.ullstein.info\/es\/wp-json\/wp\/v2\/media?parent=1494"}],"curies":[{"name":"wp","href":"https:\/\/api.w.org\/{rel}","templated":true}]}}