{"id":1539,"date":"2022-04-02T15:58:31","date_gmt":"2022-04-02T13:58:31","guid":{"rendered":"https:\/\/uls.speck-it.de\/empresa\/"},"modified":"2022-06-10T12:14:16","modified_gmt":"2022-06-10T10:14:16","slug":"empresa","status":"publish","type":"page","link":"https:\/\/www.ullstein.info\/es\/empresa\/","title":{"rendered":"Empresa"},"content":{"rendered":"<p>[vc_row enable_waypoint=\u00bbenable_waypoint\u00bb viewportfactor=\u00bb0&#8243; effect=\u00bbfadeInUp\u00bb timing=\u00bbeaseInOut\u00bb seperator_indeed_effects=\u00bb\u00bb indeed_event=\u00bbover\u00bb indeed_effect=\u00bbfadeInUp\u00bb init_hide=\u00bb0&#8243; title=\u00bb\u00bb indeed_ad=\u00bb0&#8243; indeed_adr=\u00bb1&#8243; indeed_ci=\u00bb1&#8243;][vc_column][vc_column_text]<\/p>\n<h2>Nuestro perfil<\/h2>\n<p>El mundo inmobiliario es una cuesti\u00f3n de confianza. Desde 1996, la Agencia Inmobiliaria Ullstein significa competencia en el sector de la intermediaci\u00f3n inmobiliaria de cualquier tipo. Nuestra cartera incluye principalmente la venta y el alquiler de inmuebles residenciales y comerciales. Sea en Frankfurt am Main, Colonia, D\u00fcsseldorf, Berl\u00edn y sus respectivos alrededores, nuestra agencia re\u00fane tanto vendedores y compradores como arrendadores y arrendatarios gracias a nuestro asesoramiento profesional y personalizado. Nuestras ofertas actuales de propiedades en venta y alquiler hablan en favor de nuestro know-how. Estaremos encantados de recibir su llamada, fax o correo electr\u00f3nico.[\/vc_column_text][\/vc_column][\/vc_row][vc_row enable_waypoint=\u00bbenable_waypoint\u00bb viewportfactor=\u00bb0&#8243; effect=\u00bbfadeInUp\u00bb timing=\u00bbeaseInOut\u00bb seperator_indeed_effects=\u00bb\u00bb indeed_event=\u00bbover\u00bb indeed_effect=\u00bbfadeInUp\u00bb init_hide=\u00bb0&#8243; title=\u00bb\u00bb indeed_ad=\u00bb0&#8243; indeed_adr=\u00bb1&#8243; indeed_ci=\u00bb1&#8243;][vc_column][vc_column_text]<\/p>\n<h2>Nuestra filosof\u00eda<\/h2>\n<p><span style=\"color: #0088ff;\">Nuestra experiencia es su ventaja. \u00a1Gane tiempo y mantenga su calidad de vida!<\/span><span style=\"color: #0088ff;\"><br \/>\n<\/span>[\/vc_column_text][\/vc_column][\/vc_row][vc_row enable_waypoint=\u00bbenable_waypoint\u00bb viewportfactor=\u00bb0&#8243; effect=\u00bbfadeInUp\u00bb timing=\u00bbeaseInOut\u00bb][vc_column][vc_column_text]<\/p>\n<h2>Nuestro equipo y localizaci\u00f3n geogr\u00e1fica<\/h2>\n<p>Nuestra empresa fue fundada en 1996 por Angela Ullstein en Frankfurt am Main. De profesi\u00f3n titulada en gesti\u00f3n bancaria, Do\u00f1a Angela Ullstein trabaj\u00f3 anteriormente en un gran banco en Frankfurt durante 14 a\u00f1os y durante sus \u00faltimos a\u00f1os como responsable del departamento de financiaci\u00f3n inmobiliaria y de la construcci\u00f3n. Con paso firme, la Agencia Inmobiliaria Ullstein se ha convertido en una empresa de intermediaci\u00f3n inmobiliaria reconocida y opera gracias a esta evoluci\u00f3n tambi\u00e9n en los alrededores de Colonia y D\u00fcsseldorf, cuyo responsable es desde el a\u00f1o 2008 Don Nikolaus Ullstein, hermano de la propietaria. En 2008 se abrieron nuevas \u00e1reas de negocios en Berl\u00edn y Dresde.[\/vc_column_text][\/vc_column][\/vc_row][vc_row enable_waypoint=\u00bbenable_waypoint\u00bb viewportfactor=\u00bb0&#8243; effect=\u00bbfadeInUp\u00bb timing=\u00bbeaseInOut\u00bb][vc_column]<div id=\"ultimate-heading69f4b82fc0829\" class=\"uvc-heading ultimate-heading69f4b82fc0829 uvc-141 \" data-hspacer=\"icon_only\"  data-halign=\"left\" style=\"text-align:left\"><div class=\"uvc-heading-spacer icon_only\" style=\"top\"><div class=\"ult-just-icon-wrapper \"><div class=\"align-icon\" style=\"text-align:left;\">\n<div class=\"aio-icon advanced \"  style=\"color:#0088ff;border-style:solid;border-color:#e4e4e4;border-width:1px;width:50px;height:50px;line-height:50px;border-radius:25px;font-size:25px;\">\n\t<i class=\"ALLIcons-users3\"><\/i>\n<\/div><\/div><\/div><\/div><div class=\"uvc-main-heading ult-responsive\"  data-ultimate-target='.uvc-heading.ultimate-heading69f4b82fc0829 h2'  data-responsive-json-new='{\"font-size\":\"\",\"line-height\":\"\"}' ><h2 style=\"font-weight:normal;\">Equipo<\/h2><\/div><\/div>[vc_empty_space height=\u00bb60px\u00bb][vc_column_text css=\u00bb.vc_custom_1445068327058{margin-bottom: 10px !important;}\u00bb]<\/p>\n<h2>Angela Ullstein<\/h2>\n<p>[\/vc_column_text]<div class=\"uavc-list-icon \"><ul class=\"uavc-list\"><li><div class=\"uavc-list-content\">\n<div class=\"uavc-list-icon \" data-animation=\"\" data-animation-delay=\"03\" style=\"margin-right:10px;\"><div class=\"ult-just-icon-wrapper \"><div class=\"align-icon\" style=\"text-align:center;\">\n<div class=\"aio-icon none \"  style=\"color:#444444;font-size:15px;display:inline-block;\">\n\t<i class=\"Defaults-envelope\"><\/i>\n<\/div><\/div><\/div>\n<\/div><span class=\"uavc-list-desc\"><a href=\"mailto:mail@ullstein.info\">mail@ullstein.info<\/a><\/span><\/div><\/li><li><div class=\"uavc-list-content\">\n<div class=\"uavc-list-icon \" data-animation=\"\" data-animation-delay=\"03\" style=\"margin-right:10px;\"><div class=\"ult-just-icon-wrapper \"><div class=\"align-icon\" style=\"text-align:center;\">\n<div class=\"aio-icon none \"  style=\"color:#444444;font-size:15px;display:inline-block;\">\n\t<i class=\"Defaults-phone\"><\/i>\n<\/div><\/div><\/div>\n<\/div><span class=\"uavc-list-desc\">+49 (0)69 677 311 10 \/ +49 (0)171 32 866 53<\/span><\/div><\/li><\/ul><\/div>[vc_column_text]<a class=\"btn btn-primary\" href=\"https:\/\/www.ullstein.info\/author\/angela-ullstein\/?listings=1\">Mis objetos<\/a>[\/vc_column_text][\/vc_column][\/vc_row][vc_row enable_waypoint=\u00bbenable_waypoint\u00bb viewportfactor=\u00bb0&#8243; effect=\u00bbfadeInUp\u00bb timing=\u00bbeaseInOut\u00bb][vc_column][vc_separator style=\u00bbdotted\u00bb][vc_column_text css=\u00bb.vc_custom_1445068340203{margin-bottom: 10px !important;}\u00bb]<\/p>\n<h2>Nikolaus Ullstein<\/h2>\n<p>[\/vc_column_text]<div class=\"uavc-list-icon \"><ul class=\"uavc-list\"><li><div class=\"uavc-list-content\">\n<div class=\"uavc-list-icon \" data-animation=\"\" data-animation-delay=\"03\" style=\"margin-right:10px;\"><div class=\"ult-just-icon-wrapper \"><div class=\"align-icon\" style=\"text-align:center;\">\n<div class=\"aio-icon none \"  style=\"color:#444444;font-size:15px;display:inline-block;\">\n\t<i class=\"Defaults-envelope\"><\/i>\n<\/div><\/div><\/div>\n<\/div><span class=\"uavc-list-desc\"><a href=\"mailto:nikolaus@ullstein.info\">nikolaus@ullstein.info<\/a><\/span><\/div><\/li><li><div class=\"uavc-list-content\">\n<div class=\"uavc-list-icon \" data-animation=\"\" data-animation-delay=\"03\" style=\"margin-right:10px;\"><div class=\"ult-just-icon-wrapper \"><div class=\"align-icon\" style=\"text-align:center;\">\n<div class=\"aio-icon none \"  style=\"color:#444444;font-size:15px;display:inline-block;\">\n\t<i class=\"Defaults-phone\"><\/i>\n<\/div><\/div><\/div>\n<\/div><span class=\"uavc-list-desc\">+49 (0)211 688 141 22 \/ +49 (0)69 677 311 11 \/ +49 (0)170 52 495 01<\/span><\/div><\/li><\/ul><\/div>[vc_column_text]<a class=\"btn btn-primary\" href=\"https:\/\/www.ullstein.info\/author\/nikolaus-ullstein\/?listings=1\">Mis objetos<\/a>[\/vc_column_text][\/vc_column][\/vc_row]<\/p>\n","protected":false},"excerpt":{"rendered":"<p>[vc_row enable_waypoint=\u00bbenable_waypoint\u00bb viewportfactor=\u00bb0&#8243; effect=\u00bbfadeInUp\u00bb timing=\u00bbeaseInOut\u00bb seperator_indeed_effects=\u00bb\u00bb indeed_event=\u00bbover\u00bb indeed_effect=\u00bbfadeInUp\u00bb init_hide=\u00bb0&#8243; title=\u00bb\u00bb indeed_ad=\u00bb0&#8243; indeed_adr=\u00bb1&#8243; indeed_ci=\u00bb1&#8243;][vc_column][vc_column_text] Nuestro perfil El mundo inmobiliario es una cuesti\u00f3n de confianza. Desde 1996, la Agencia Inmobiliaria Ullstein significa competencia en el sector de la intermediaci\u00f3n inmobiliaria de cualquier tipo. Nuestra cartera incluye principalmente la venta y el alquiler de inmuebles residenciales y comerciales. <span class=\"moretag\"><a href=\"https:\/\/www.ullstein.info\/es\/empresa\/\">M\u00e1s info<\/a><\/span><\/p>\n","protected":false},"author":1,"featured_media":1410,"parent":0,"menu_order":0,"comment_status":"closed","ping_status":"closed","template":"","meta":[],"yoast_head":"<!-- This site is optimized with the Yoast SEO plugin v19.10 - https:\/\/yoast.com\/wordpress\/plugins\/seo\/ -->\n<title>Empresa - Ullstein Immobilienmakler - Verkauf und Vermietung von Immobilien - Frankfurt am Main - D\u00fcsseldorf - K\u00f6ln - Berlin<\/title>\n<meta name=\"robots\" content=\"index, follow, max-snippet:-1, max-image-preview:large, max-video-preview:-1\" \/>\n<link rel=\"canonical\" href=\"https:\/\/www.ullstein.info\/es\/empresa\/\" \/>\n<meta property=\"og:locale\" content=\"es_ES\" \/>\n<meta property=\"og:type\" content=\"article\" \/>\n<meta property=\"og:title\" content=\"Empresa - Ullstein Immobilienmakler - Verkauf und Vermietung von Immobilien - Frankfurt am Main - D\u00fcsseldorf - K\u00f6ln - Berlin\" \/>\n<meta property=\"og:description\" content=\"[vc_row enable_waypoint=\u00bbenable_waypoint\u00bb viewportfactor=\u00bb0&#8243; effect=\u00bbfadeInUp\u00bb timing=\u00bbeaseInOut\u00bb seperator_indeed_effects=\u00bb\u00bb indeed_event=\u00bbover\u00bb indeed_effect=\u00bbfadeInUp\u00bb init_hide=\u00bb0&#8243; title=\u00bb\u00bb indeed_ad=\u00bb0&#8243; indeed_adr=\u00bb1&#8243; indeed_ci=\u00bb1&#8243;][vc_column][vc_column_text] Nuestro perfil El mundo inmobiliario es una cuesti\u00f3n de confianza. Desde 1996, la Agencia Inmobiliaria Ullstein significa competencia en el sector de la intermediaci\u00f3n inmobiliaria de cualquier tipo. Nuestra cartera incluye principalmente la venta y el alquiler de inmuebles residenciales y comerciales. M\u00e1s info\" \/>\n<meta property=\"og:url\" content=\"https:\/\/www.ullstein.info\/es\/empresa\/\" \/>\n<meta property=\"og:site_name\" content=\"Ullstein Immobilienmakler - Verkauf und Vermietung von Immobilien - Frankfurt am Main - D\u00fcsseldorf - K\u00f6ln - Berlin\" \/>\n<meta property=\"article:modified_time\" content=\"2022-06-10T10:14:16+00:00\" \/>\n<meta property=\"og:image\" content=\"https:\/\/www.ullstein.info\/wp-content\/uploads\/2022\/04\/Unternehmen.jpg\" \/>\n\t<meta property=\"og:image:width\" content=\"960\" \/>\n\t<meta property=\"og:image:height\" content=\"666\" \/>\n\t<meta property=\"og:image:type\" content=\"image\/jpeg\" \/>\n<meta name=\"twitter:card\" content=\"summary_large_image\" \/>\n<meta name=\"twitter:label1\" content=\"Tiempo de lectura\" \/>\n\t<meta name=\"twitter:data1\" content=\"3 minutos\" \/>\n<script type=\"application\/ld+json\" class=\"yoast-schema-graph\">{\"@context\":\"https:\/\/schema.org\",\"@graph\":[{\"@type\":\"WebPage\",\"@id\":\"https:\/\/www.ullstein.info\/es\/empresa\/\",\"url\":\"https:\/\/www.ullstein.info\/es\/empresa\/\",\"name\":\"Empresa - Ullstein Immobilienmakler - Verkauf und Vermietung von Immobilien - Frankfurt am Main - D\u00fcsseldorf - K\u00f6ln - Berlin\",\"isPartOf\":{\"@id\":\"https:\/\/www.ullstein.info\/#website\"},\"datePublished\":\"2022-04-02T13:58:31+00:00\",\"dateModified\":\"2022-06-10T10:14:16+00:00\",\"breadcrumb\":{\"@id\":\"https:\/\/www.ullstein.info\/es\/empresa\/#breadcrumb\"},\"inLanguage\":\"es\",\"potentialAction\":[{\"@type\":\"ReadAction\",\"target\":[\"https:\/\/www.ullstein.info\/es\/empresa\/\"]}]},{\"@type\":\"BreadcrumbList\",\"@id\":\"https:\/\/www.ullstein.info\/es\/empresa\/#breadcrumb\",\"itemListElement\":[{\"@type\":\"ListItem\",\"position\":1,\"name\":\"Startseite\",\"item\":\"https:\/\/www.ullstein.info\/es\/\"},{\"@type\":\"ListItem\",\"position\":2,\"name\":\"Empresa\"}]},{\"@type\":\"WebSite\",\"@id\":\"https:\/\/www.ullstein.info\/#website\",\"url\":\"https:\/\/www.ullstein.info\/\",\"name\":\"Ullstein Immobilienmakler - Verkauf und Vermietung von Immobilien - Frankfurt am Main - D\u00fcsseldorf - K\u00f6ln - Berlin\",\"description\":\"\",\"potentialAction\":[{\"@type\":\"SearchAction\",\"target\":{\"@type\":\"EntryPoint\",\"urlTemplate\":\"https:\/\/www.ullstein.info\/?s={search_term_string}\"},\"query-input\":\"required name=search_term_string\"}],\"inLanguage\":\"es\"}]}<\/script>\n<!-- \/ Yoast SEO plugin. -->","yoast_head_json":{"title":"Empresa - Ullstein Immobilienmakler - Verkauf und Vermietung von Immobilien - Frankfurt am Main - D\u00fcsseldorf - K\u00f6ln - Berlin","robots":{"index":"index","follow":"follow","max-snippet":"max-snippet:-1","max-image-preview":"max-image-preview:large","max-video-preview":"max-video-preview:-1"},"canonical":"https:\/\/www.ullstein.info\/es\/empresa\/","og_locale":"es_ES","og_type":"article","og_title":"Empresa - Ullstein Immobilienmakler - Verkauf und Vermietung von Immobilien - Frankfurt am Main - D\u00fcsseldorf - K\u00f6ln - Berlin","og_description":"[vc_row enable_waypoint=\u00bbenable_waypoint\u00bb viewportfactor=\u00bb0&#8243; effect=\u00bbfadeInUp\u00bb timing=\u00bbeaseInOut\u00bb seperator_indeed_effects=\u00bb\u00bb indeed_event=\u00bbover\u00bb indeed_effect=\u00bbfadeInUp\u00bb init_hide=\u00bb0&#8243; title=\u00bb\u00bb indeed_ad=\u00bb0&#8243; indeed_adr=\u00bb1&#8243; indeed_ci=\u00bb1&#8243;][vc_column][vc_column_text] Nuestro perfil El mundo inmobiliario es una cuesti\u00f3n de confianza. Desde 1996, la Agencia Inmobiliaria Ullstein significa competencia en el sector de la intermediaci\u00f3n inmobiliaria de cualquier tipo. Nuestra cartera incluye principalmente la venta y el alquiler de inmuebles residenciales y comerciales. M\u00e1s info","og_url":"https:\/\/www.ullstein.info\/es\/empresa\/","og_site_name":"Ullstein Immobilienmakler - Verkauf und Vermietung von Immobilien - Frankfurt am Main - D\u00fcsseldorf - K\u00f6ln - Berlin","article_modified_time":"2022-06-10T10:14:16+00:00","og_image":[{"width":960,"height":666,"url":"https:\/\/www.ullstein.info\/wp-content\/uploads\/2022\/04\/Unternehmen.jpg","type":"image\/jpeg"}],"twitter_card":"summary_large_image","twitter_misc":{"Tiempo de lectura":"3 minutos"},"schema":{"@context":"https:\/\/schema.org","@graph":[{"@type":"WebPage","@id":"https:\/\/www.ullstein.info\/es\/empresa\/","url":"https:\/\/www.ullstein.info\/es\/empresa\/","name":"Empresa - Ullstein Immobilienmakler - Verkauf und Vermietung von Immobilien - Frankfurt am Main - D\u00fcsseldorf - K\u00f6ln - Berlin","isPartOf":{"@id":"https:\/\/www.ullstein.info\/#website"},"datePublished":"2022-04-02T13:58:31+00:00","dateModified":"2022-06-10T10:14:16+00:00","breadcrumb":{"@id":"https:\/\/www.ullstein.info\/es\/empresa\/#breadcrumb"},"inLanguage":"es","potentialAction":[{"@type":"ReadAction","target":["https:\/\/www.ullstein.info\/es\/empresa\/"]}]},{"@type":"BreadcrumbList","@id":"https:\/\/www.ullstein.info\/es\/empresa\/#breadcrumb","itemListElement":[{"@type":"ListItem","position":1,"name":"Startseite","item":"https:\/\/www.ullstein.info\/es\/"},{"@type":"ListItem","position":2,"name":"Empresa"}]},{"@type":"WebSite","@id":"https:\/\/www.ullstein.info\/#website","url":"https:\/\/www.ullstein.info\/","name":"Ullstein Immobilienmakler - Verkauf und Vermietung von Immobilien - Frankfurt am Main - D\u00fcsseldorf - K\u00f6ln - Berlin","description":"","potentialAction":[{"@type":"SearchAction","target":{"@type":"EntryPoint","urlTemplate":"https:\/\/www.ullstein.info\/?s={search_term_string}"},"query-input":"required name=search_term_string"}],"inLanguage":"es"}]}},"_links":{"self":[{"href":"https:\/\/www.ullstein.info\/es\/wp-json\/wp\/v2\/pages\/1539"}],"collection":[{"href":"https:\/\/www.ullstein.info\/es\/wp-json\/wp\/v2\/pages"}],"about":[{"href":"https:\/\/www.ullstein.info\/es\/wp-json\/wp\/v2\/types\/page"}],"author":[{"embeddable":true,"href":"https:\/\/www.ullstein.info\/es\/wp-json\/wp\/v2\/users\/1"}],"replies":[{"embeddable":true,"href":"https:\/\/www.ullstein.info\/es\/wp-json\/wp\/v2\/comments?post=1539"}],"version-history":[{"count":4,"href":"https:\/\/www.ullstein.info\/es\/wp-json\/wp\/v2\/pages\/1539\/revisions"}],"predecessor-version":[{"id":2015,"href":"https:\/\/www.ullstein.info\/es\/wp-json\/wp\/v2\/pages\/1539\/revisions\/2015"}],"wp:featuredmedia":[{"embeddable":true,"href":"https:\/\/www.ullstein.info\/es\/wp-json\/wp\/v2\/media\/1410"}],"wp:attachment":[{"href":"https:\/\/www.ullstein.info\/es\/wp-json\/wp\/v2\/media?parent=1539"}],"curies":[{"name":"wp","href":"https:\/\/api.w.org\/{rel}","templated":true}]}}