{"id":1433,"date":"2022-04-02T14:43:45","date_gmt":"2022-04-02T12:43:45","guid":{"rendered":"https:\/\/uls.speck-it.de\/conditions\/"},"modified":"2022-11-18T23:31:33","modified_gmt":"2022-11-18T22:31:33","slug":"conditions","status":"publish","type":"page","link":"https:\/\/www.ullstein.info\/fr\/conditions\/","title":{"rendered":"Conditions"},"content":{"rendered":"<p><a href=\"https:\/\/www.ullstein.info\/wp-content\/uploads\/2022\/04\/Allgemeine-Geschaeftsbedingungen.pdf\">Allgemeine Gesch\u00e4ftsbedingungen<\/a><\/p>\n","protected":false},"excerpt":{"rendered":"<p>Allgemeine Gesch\u00e4ftsbedingungen<\/p>\n","protected":false},"author":1,"featured_media":0,"parent":0,"menu_order":0,"comment_status":"closed","ping_status":"closed","template":"","meta":[],"yoast_head":"<!-- This site is optimized with the Yoast SEO plugin v19.10 - https:\/\/yoast.com\/wordpress\/plugins\/seo\/ -->\n<title>Conditions - Ullstein Immobilienmakler - Verkauf und Vermietung von Immobilien - Frankfurt am Main - D\u00fcsseldorf - K\u00f6ln - Berlin<\/title>\n<meta name=\"robots\" content=\"index, follow, max-snippet:-1, max-image-preview:large, max-video-preview:-1\" \/>\n<link rel=\"canonical\" href=\"https:\/\/www.ullstein.info\/fr\/conditions\/\" \/>\n<meta property=\"og:locale\" content=\"fr_FR\" \/>\n<meta property=\"og:type\" content=\"article\" \/>\n<meta property=\"og:title\" content=\"Conditions - Ullstein Immobilienmakler - Verkauf und Vermietung von Immobilien - Frankfurt am Main - D\u00fcsseldorf - K\u00f6ln - Berlin\" \/>\n<meta property=\"og:description\" content=\"Allgemeine Gesch\u00e4ftsbedingungen\" \/>\n<meta property=\"og:url\" content=\"https:\/\/www.ullstein.info\/fr\/conditions\/\" \/>\n<meta property=\"og:site_name\" content=\"Ullstein Immobilienmakler - Verkauf und Vermietung von Immobilien - Frankfurt am Main - D\u00fcsseldorf - K\u00f6ln - Berlin\" \/>\n<meta property=\"article:modified_time\" content=\"2022-11-18T22:31:33+00:00\" \/>\n<meta name=\"twitter:card\" content=\"summary_large_image\" \/>\n<meta name=\"twitter:label1\" content=\"Dur\u00e9e de lecture estim\u00e9e\" \/>\n\t<meta name=\"twitter:data1\" content=\"1 minute\" \/>\n<script type=\"application\/ld+json\" class=\"yoast-schema-graph\">{\"@context\":\"https:\/\/schema.org\",\"@graph\":[{\"@type\":\"WebPage\",\"@id\":\"https:\/\/www.ullstein.info\/fr\/conditions\/\",\"url\":\"https:\/\/www.ullstein.info\/fr\/conditions\/\",\"name\":\"Conditions - Ullstein Immobilienmakler - Verkauf und Vermietung von Immobilien - Frankfurt am Main - D\u00fcsseldorf - K\u00f6ln - Berlin\",\"isPartOf\":{\"@id\":\"https:\/\/www.ullstein.info\/#website\"},\"datePublished\":\"2022-04-02T12:43:45+00:00\",\"dateModified\":\"2022-11-18T22:31:33+00:00\",\"breadcrumb\":{\"@id\":\"https:\/\/www.ullstein.info\/fr\/conditions\/#breadcrumb\"},\"inLanguage\":\"fr-FR\",\"potentialAction\":[{\"@type\":\"ReadAction\",\"target\":[\"https:\/\/www.ullstein.info\/fr\/conditions\/\"]}]},{\"@type\":\"BreadcrumbList\",\"@id\":\"https:\/\/www.ullstein.info\/fr\/conditions\/#breadcrumb\",\"itemListElement\":[{\"@type\":\"ListItem\",\"position\":1,\"name\":\"Startseite\",\"item\":\"https:\/\/www.ullstein.info\/fr\/\"},{\"@type\":\"ListItem\",\"position\":2,\"name\":\"Conditions\"}]},{\"@type\":\"WebSite\",\"@id\":\"https:\/\/www.ullstein.info\/#website\",\"url\":\"https:\/\/www.ullstein.info\/\",\"name\":\"Ullstein Immobilienmakler - Verkauf und Vermietung von Immobilien - Frankfurt am Main - D\u00fcsseldorf - K\u00f6ln - Berlin\",\"description\":\"\",\"potentialAction\":[{\"@type\":\"SearchAction\",\"target\":{\"@type\":\"EntryPoint\",\"urlTemplate\":\"https:\/\/www.ullstein.info\/?s={search_term_string}\"},\"query-input\":\"required name=search_term_string\"}],\"inLanguage\":\"fr-FR\"}]}<\/script>\n<!-- \/ Yoast SEO plugin. -->","yoast_head_json":{"title":"Conditions - Ullstein Immobilienmakler - Verkauf und Vermietung von Immobilien - Frankfurt am Main - D\u00fcsseldorf - K\u00f6ln - Berlin","robots":{"index":"index","follow":"follow","max-snippet":"max-snippet:-1","max-image-preview":"max-image-preview:large","max-video-preview":"max-video-preview:-1"},"canonical":"https:\/\/www.ullstein.info\/fr\/conditions\/","og_locale":"fr_FR","og_type":"article","og_title":"Conditions - Ullstein Immobilienmakler - Verkauf und Vermietung von Immobilien - Frankfurt am Main - D\u00fcsseldorf - K\u00f6ln - Berlin","og_description":"Allgemeine Gesch\u00e4ftsbedingungen","og_url":"https:\/\/www.ullstein.info\/fr\/conditions\/","og_site_name":"Ullstein Immobilienmakler - Verkauf und Vermietung von Immobilien - Frankfurt am Main - D\u00fcsseldorf - K\u00f6ln - Berlin","article_modified_time":"2022-11-18T22:31:33+00:00","twitter_card":"summary_large_image","twitter_misc":{"Dur\u00e9e de lecture estim\u00e9e":"1 minute"},"schema":{"@context":"https:\/\/schema.org","@graph":[{"@type":"WebPage","@id":"https:\/\/www.ullstein.info\/fr\/conditions\/","url":"https:\/\/www.ullstein.info\/fr\/conditions\/","name":"Conditions - Ullstein Immobilienmakler - Verkauf und Vermietung von Immobilien - Frankfurt am Main - D\u00fcsseldorf - K\u00f6ln - Berlin","isPartOf":{"@id":"https:\/\/www.ullstein.info\/#website"},"datePublished":"2022-04-02T12:43:45+00:00","dateModified":"2022-11-18T22:31:33+00:00","breadcrumb":{"@id":"https:\/\/www.ullstein.info\/fr\/conditions\/#breadcrumb"},"inLanguage":"fr-FR","potentialAction":[{"@type":"ReadAction","target":["https:\/\/www.ullstein.info\/fr\/conditions\/"]}]},{"@type":"BreadcrumbList","@id":"https:\/\/www.ullstein.info\/fr\/conditions\/#breadcrumb","itemListElement":[{"@type":"ListItem","position":1,"name":"Startseite","item":"https:\/\/www.ullstein.info\/fr\/"},{"@type":"ListItem","position":2,"name":"Conditions"}]},{"@type":"WebSite","@id":"https:\/\/www.ullstein.info\/#website","url":"https:\/\/www.ullstein.info\/","name":"Ullstein Immobilienmakler - Verkauf und Vermietung von Immobilien - Frankfurt am Main - D\u00fcsseldorf - K\u00f6ln - Berlin","description":"","potentialAction":[{"@type":"SearchAction","target":{"@type":"EntryPoint","urlTemplate":"https:\/\/www.ullstein.info\/?s={search_term_string}"},"query-input":"required name=search_term_string"}],"inLanguage":"fr-FR"}]}},"_links":{"self":[{"href":"https:\/\/www.ullstein.info\/fr\/wp-json\/wp\/v2\/pages\/1433"}],"collection":[{"href":"https:\/\/www.ullstein.info\/fr\/wp-json\/wp\/v2\/pages"}],"about":[{"href":"https:\/\/www.ullstein.info\/fr\/wp-json\/wp\/v2\/types\/page"}],"author":[{"embeddable":true,"href":"https:\/\/www.ullstein.info\/fr\/wp-json\/wp\/v2\/users\/1"}],"replies":[{"embeddable":true,"href":"https:\/\/www.ullstein.info\/fr\/wp-json\/wp\/v2\/comments?post=1433"}],"version-history":[{"count":1,"href":"https:\/\/www.ullstein.info\/fr\/wp-json\/wp\/v2\/pages\/1433\/revisions"}],"predecessor-version":[{"id":2443,"href":"https:\/\/www.ullstein.info\/fr\/wp-json\/wp\/v2\/pages\/1433\/revisions\/2443"}],"wp:attachment":[{"href":"https:\/\/www.ullstein.info\/fr\/wp-json\/wp\/v2\/media?parent=1433"}],"curies":[{"name":"wp","href":"https:\/\/api.w.org\/{rel}","templated":true}]}}