{"id":1456,"date":"2022-04-02T15:13:46","date_gmt":"2022-04-02T13:13:46","guid":{"rendered":"https:\/\/uls.speck-it.de\/formulaires\/"},"modified":"2022-11-18T23:23:42","modified_gmt":"2022-11-18T22:23:42","slug":"formulaires","status":"publish","type":"page","link":"https:\/\/www.ullstein.info\/fr\/formulaires\/","title":{"rendered":"Formulaires"},"content":{"rendered":"<p>[vc_row enable_waypoint=\u00a0\u00bbenable_waypoint\u00a0\u00bb viewportfactor=\u00a0\u00bb0&Prime; effect=\u00a0\u00bbfadeIn\u00a0\u00bb css=\u00a0\u00bb.vc_custom_1445068137911{margin-bottom: 5px !important;}\u00a0\u00bb][vc_column]<div id=\"ultimate-heading69f2619eb14db\" class=\"uvc-heading ultimate-heading69f2619eb14db uvc-1433 \" data-hspacer=\"icon_only\"  data-halign=\"left\" style=\"text-align:left\"><div class=\"uvc-heading-spacer icon_only\" style=\"top\"><div class=\"ult-just-icon-wrapper \"><div class=\"align-icon\" style=\"text-align:left;\">\n<div class=\"aio-icon advanced \"  style=\"color:#0088ff;border-style:solid;border-color:#e4e4e4;border-width:1px;width:50px;height:50px;line-height:50px;border-radius:25px;font-size:20px;\">\n\t<i class=\"ALLIcons-file-pdf2\"><\/i>\n<\/div><\/div><\/div><\/div><div class=\"uvc-sub-heading ult-responsive\"  data-ultimate-target='.uvc-heading.ultimate-heading69f2619eb14db .uvc-sub-heading '  data-responsive-json-new='{\"font-size\":\"\",\"line-height\":\"\"}'  style=\"font-weight:normal;\"><span style=\"color: #333333; display: block; padding-top: 10px;\">Nous nous r\u00e9jouissons de l\u2019int\u00e9r\u00eat que vous portez \u00e0 l\u2019une de nos offres.<\/span><\/div><\/div>[\/vc_column][\/vc_row][vc_row enable_waypoint=\u00a0\u00bbenable_waypoint\u00a0\u00bb viewportfactor=\u00a0\u00bb0&Prime; effect=\u00a0\u00bbfadeInUp\u00a0\u00bb timing=\u00a0\u00bbeaseInOut\u00a0\u00bb][vc_column][vc_column_text]Nous vous prions de bien vouloir nous envoyer les formulaires remplis et les photocopies suivantes (n\u00ba 1 \u00e0 4) pour les pr\u00e9senter au propri\u00e9taire. (Le formulaire n\u00ba 2 peut \u00eatre remis ult\u00e9rieurement):<\/p>\n<ol>\n<li><span style=\"color: #333333;\"><a style=\"color: #333333;\" href=\"https:\/\/www.ullstein.info\/wp-content\/uploads\/2022\/04\/ULS-Selbstauskunft.pdf\" >Renseignement personnel<\/a> &#8211; merci de le t\u00e9l\u00e9charger ici, de le remplir directement sur l\u2019ordinateur (ou \u00e0 la main), de l\u2019imprimer, de le scanner (si n\u00e9cessaire) et de le signer<\/span><\/li>\n<li><span style=\"color: #333333;\"><a style=\"color: #333333;\" href=\"https:\/\/www.ullstein.info\/wp-content\/uploads\/2022\/04\/ULS-VVBestaetigung1.pdf\" >La confirmation du propri\u00e9taire pr\u00e9c\u00e9dent<\/a> &#8211; merci de la t\u00e9l\u00e9charger ici, de l\u2018imprimer, de la faire remplir et de la scanner si n\u00e9cessaire<\/span><\/li>\n<li><span style=\"color: #333333;\">Photocopie de la fiche de paie, et le cas \u00e9cheant, du contrat de travail ou du brevet de pension \u2013 toujours la version du document \u00e9mise le plus r\u00e9cemment<br \/>\n<\/span><\/li>\n<li><span style=\"color: #333333;\">Photocopie de la carte d\u2019identit\u00e9 ou passeport<\/span><\/li>\n<\/ol>\n<p><span style=\"color: #0088ff;\">Merci de bien vouloir apporter ces documents lors de la visite ou de les envoyer \u00e0 la suite de la visite:<\/span><\/p>\n<ul>\n<li><span style=\"color: #333333;\">soit <span style=\"color: #0088ff;\">scann\u00e9s et par <\/span> <span style=\"color: #0088ff;\">email<\/span> \u00e0 <a style=\"color: #333333;\" href=\"mailto:mail@ullstein.info\">mail@ullstein.info<\/a><\/span><\/li>\n<li><span style=\"color: #333333;\">soit <span style=\"color: #0088ff;\">par fax<\/span> au +49 (0)69-67731119 &#8211; la Carte d\u00b4identit\u00e9 doit \u00eatre clairement lisible, merci.<\/span><\/li>\n<li><span style=\"color: #333333;\">soit <span style=\"color: #0088ff;\">par courrier <\/span>\u00e0 Ullstein Immobilienmakler, Morgensternstr. 37, 60596 Frankfurt\/Main<\/span><\/li>\n<\/ul>\n<p>Nous vous contacterons au plus tard 48 heures (jours ouvrables) apr\u00e8s r\u00e9ception de vos documents. Nous vous remercions par avance.<\/p>\n<hr \/>\n<p><span style=\"color: #333333;\">Pour un service de location, nous utilisons les formulaires et livrets suivants:<\/span><\/p>\n<ul>\n<li><span style=\"color: #333333;\"><a style=\"color: #333333;\" href=\"https:\/\/www.ullstein.info\/wp-content\/uploads\/2022\/04\/Meldebestaetigung.pdf\" >Attestation de recensement<\/a><\/span><\/li>\n<li><span style=\"color: #333333;\"><a style=\"color: #333333;\" href=\"https:\/\/www.ullstein.info\/wp-content\/uploads\/2022\/04\/Wohnungsuebergabe-und-Abnahme-2016.pdf\">L\u00b4acte d\u2019\u00e9tat des lieux et de remise des cl\u00e9s<\/a><\/span><\/li>\n<li><span style=\"color: #333333;\"><a style=\"color: #333333;\" href=\"https:\/\/www.ullstein.info\/wp-content\/uploads\/2022\/04\/ULS-Heizen-und-Lueften.pdf\">Le livret \u00ab Pour un mode de vie sain: chauffer et ventiler correctement \u00bb<\/a><\/span><\/li>\n<\/ul>\n<p>[\/vc_column_text][\/vc_column][\/vc_row]<\/p>\n","protected":false},"excerpt":{"rendered":"<p>[vc_row enable_waypoint=\u00a0\u00bbenable_waypoint\u00a0\u00bb viewportfactor=\u00a0\u00bb0&Prime; effect=\u00a0\u00bbfadeIn\u00a0\u00bb css=\u00a0\u00bb.vc_custom_1445068137911{margin-bottom: 5px !important;}\u00a0\u00bb][vc_column][\/vc_column][\/vc_row][vc_row enable_waypoint=\u00a0\u00bbenable_waypoint\u00a0\u00bb viewportfactor=\u00a0\u00bb0&Prime; effect=\u00a0\u00bbfadeInUp\u00a0\u00bb timing=\u00a0\u00bbeaseInOut\u00a0\u00bb][vc_column][vc_column_text]Nous vous prions de bien vouloir nous envoyer les formulaires remplis et les photocopies suivantes (n\u00ba 1 \u00e0 4) pour les pr\u00e9senter au propri\u00e9taire. (Le formulaire n\u00ba 2 peut \u00eatre remis ult\u00e9rieurement): Renseignement personnel &#8211; merci de le t\u00e9l\u00e9charger ici, de le remplir directement sur <span class=\"moretag\"><a href=\"https:\/\/www.ullstein.info\/fr\/formulaires\/\">More info<\/a><\/span><\/p>\n","protected":false},"author":1,"featured_media":1424,"parent":0,"menu_order":0,"comment_status":"closed","ping_status":"closed","template":"","meta":[],"yoast_head":"<!-- This site is optimized with the Yoast SEO plugin v19.10 - https:\/\/yoast.com\/wordpress\/plugins\/seo\/ -->\n<title>Formulaires - Ullstein Immobilienmakler - Verkauf und Vermietung von Immobilien - Frankfurt am Main - D\u00fcsseldorf - K\u00f6ln - Berlin<\/title>\n<meta name=\"robots\" content=\"index, follow, max-snippet:-1, max-image-preview:large, max-video-preview:-1\" \/>\n<link rel=\"canonical\" href=\"https:\/\/www.ullstein.info\/fr\/formulaires\/\" \/>\n<meta property=\"og:locale\" content=\"fr_FR\" \/>\n<meta property=\"og:type\" content=\"article\" \/>\n<meta property=\"og:title\" content=\"Formulaires - Ullstein Immobilienmakler - Verkauf und Vermietung von Immobilien - Frankfurt am Main - D\u00fcsseldorf - K\u00f6ln - Berlin\" \/>\n<meta property=\"og:description\" content=\"[vc_row enable_waypoint=\u00a0\u00bbenable_waypoint\u00a0\u00bb viewportfactor=\u00a0\u00bb0&Prime; effect=\u00a0\u00bbfadeIn\u00a0\u00bb css=\u00a0\u00bb.vc_custom_1445068137911{margin-bottom: 5px !important;}\u00a0\u00bb][vc_column][\/vc_column][\/vc_row][vc_row enable_waypoint=\u00a0\u00bbenable_waypoint\u00a0\u00bb viewportfactor=\u00a0\u00bb0&Prime; effect=\u00a0\u00bbfadeInUp\u00a0\u00bb timing=\u00a0\u00bbeaseInOut\u00a0\u00bb][vc_column][vc_column_text]Nous vous prions de bien vouloir nous envoyer les formulaires remplis et les photocopies suivantes (n\u00ba 1 \u00e0 4) pour les pr\u00e9senter au propri\u00e9taire. (Le formulaire n\u00ba 2 peut \u00eatre remis ult\u00e9rieurement): Renseignement personnel &#8211; merci de le t\u00e9l\u00e9charger ici, de le remplir directement sur More info\" \/>\n<meta property=\"og:url\" content=\"https:\/\/www.ullstein.info\/fr\/formulaires\/\" \/>\n<meta property=\"og:site_name\" content=\"Ullstein Immobilienmakler - Verkauf und Vermietung von Immobilien - Frankfurt am Main - D\u00fcsseldorf - K\u00f6ln - Berlin\" \/>\n<meta property=\"article:modified_time\" content=\"2022-11-18T22:23:42+00:00\" \/>\n<meta property=\"og:image\" content=\"https:\/\/www.ullstein.info\/wp-content\/uploads\/2022\/04\/weiss.jpg\" \/>\n\t<meta property=\"og:image:width\" content=\"1635\" \/>\n\t<meta property=\"og:image:height\" content=\"562\" \/>\n\t<meta property=\"og:image:type\" content=\"image\/jpeg\" \/>\n<meta name=\"twitter:card\" content=\"summary_large_image\" \/>\n<meta name=\"twitter:label1\" content=\"Dur\u00e9e de lecture estim\u00e9e\" \/>\n\t<meta name=\"twitter:data1\" content=\"2 minutes\" \/>\n<script type=\"application\/ld+json\" class=\"yoast-schema-graph\">{\"@context\":\"https:\/\/schema.org\",\"@graph\":[{\"@type\":\"WebPage\",\"@id\":\"https:\/\/www.ullstein.info\/fr\/formulaires\/\",\"url\":\"https:\/\/www.ullstein.info\/fr\/formulaires\/\",\"name\":\"Formulaires - Ullstein Immobilienmakler - Verkauf und Vermietung von Immobilien - Frankfurt am Main - D\u00fcsseldorf - K\u00f6ln - Berlin\",\"isPartOf\":{\"@id\":\"https:\/\/www.ullstein.info\/#website\"},\"datePublished\":\"2022-04-02T13:13:46+00:00\",\"dateModified\":\"2022-11-18T22:23:42+00:00\",\"breadcrumb\":{\"@id\":\"https:\/\/www.ullstein.info\/fr\/formulaires\/#breadcrumb\"},\"inLanguage\":\"fr-FR\",\"potentialAction\":[{\"@type\":\"ReadAction\",\"target\":[\"https:\/\/www.ullstein.info\/fr\/formulaires\/\"]}]},{\"@type\":\"BreadcrumbList\",\"@id\":\"https:\/\/www.ullstein.info\/fr\/formulaires\/#breadcrumb\",\"itemListElement\":[{\"@type\":\"ListItem\",\"position\":1,\"name\":\"Startseite\",\"item\":\"https:\/\/www.ullstein.info\/fr\/\"},{\"@type\":\"ListItem\",\"position\":2,\"name\":\"Formulaires\"}]},{\"@type\":\"WebSite\",\"@id\":\"https:\/\/www.ullstein.info\/#website\",\"url\":\"https:\/\/www.ullstein.info\/\",\"name\":\"Ullstein Immobilienmakler - Verkauf und Vermietung von Immobilien - Frankfurt am Main - D\u00fcsseldorf - K\u00f6ln - Berlin\",\"description\":\"\",\"potentialAction\":[{\"@type\":\"SearchAction\",\"target\":{\"@type\":\"EntryPoint\",\"urlTemplate\":\"https:\/\/www.ullstein.info\/?s={search_term_string}\"},\"query-input\":\"required name=search_term_string\"}],\"inLanguage\":\"fr-FR\"}]}<\/script>\n<!-- \/ Yoast SEO plugin. -->","yoast_head_json":{"title":"Formulaires - Ullstein Immobilienmakler - Verkauf und Vermietung von Immobilien - Frankfurt am Main - D\u00fcsseldorf - K\u00f6ln - Berlin","robots":{"index":"index","follow":"follow","max-snippet":"max-snippet:-1","max-image-preview":"max-image-preview:large","max-video-preview":"max-video-preview:-1"},"canonical":"https:\/\/www.ullstein.info\/fr\/formulaires\/","og_locale":"fr_FR","og_type":"article","og_title":"Formulaires - Ullstein Immobilienmakler - Verkauf und Vermietung von Immobilien - Frankfurt am Main - D\u00fcsseldorf - K\u00f6ln - Berlin","og_description":"[vc_row enable_waypoint=\u00a0\u00bbenable_waypoint\u00a0\u00bb viewportfactor=\u00a0\u00bb0&Prime; effect=\u00a0\u00bbfadeIn\u00a0\u00bb css=\u00a0\u00bb.vc_custom_1445068137911{margin-bottom: 5px !important;}\u00a0\u00bb][vc_column][\/vc_column][\/vc_row][vc_row enable_waypoint=\u00a0\u00bbenable_waypoint\u00a0\u00bb viewportfactor=\u00a0\u00bb0&Prime; effect=\u00a0\u00bbfadeInUp\u00a0\u00bb timing=\u00a0\u00bbeaseInOut\u00a0\u00bb][vc_column][vc_column_text]Nous vous prions de bien vouloir nous envoyer les formulaires remplis et les photocopies suivantes (n\u00ba 1 \u00e0 4) pour les pr\u00e9senter au propri\u00e9taire. (Le formulaire n\u00ba 2 peut \u00eatre remis ult\u00e9rieurement): Renseignement personnel &#8211; merci de le t\u00e9l\u00e9charger ici, de le remplir directement sur More info","og_url":"https:\/\/www.ullstein.info\/fr\/formulaires\/","og_site_name":"Ullstein Immobilienmakler - Verkauf und Vermietung von Immobilien - Frankfurt am Main - D\u00fcsseldorf - K\u00f6ln - Berlin","article_modified_time":"2022-11-18T22:23:42+00:00","og_image":[{"width":1635,"height":562,"url":"https:\/\/www.ullstein.info\/wp-content\/uploads\/2022\/04\/weiss.jpg","type":"image\/jpeg"}],"twitter_card":"summary_large_image","twitter_misc":{"Dur\u00e9e de lecture estim\u00e9e":"2 minutes"},"schema":{"@context":"https:\/\/schema.org","@graph":[{"@type":"WebPage","@id":"https:\/\/www.ullstein.info\/fr\/formulaires\/","url":"https:\/\/www.ullstein.info\/fr\/formulaires\/","name":"Formulaires - Ullstein Immobilienmakler - Verkauf und Vermietung von Immobilien - Frankfurt am Main - D\u00fcsseldorf - K\u00f6ln - Berlin","isPartOf":{"@id":"https:\/\/www.ullstein.info\/#website"},"datePublished":"2022-04-02T13:13:46+00:00","dateModified":"2022-11-18T22:23:42+00:00","breadcrumb":{"@id":"https:\/\/www.ullstein.info\/fr\/formulaires\/#breadcrumb"},"inLanguage":"fr-FR","potentialAction":[{"@type":"ReadAction","target":["https:\/\/www.ullstein.info\/fr\/formulaires\/"]}]},{"@type":"BreadcrumbList","@id":"https:\/\/www.ullstein.info\/fr\/formulaires\/#breadcrumb","itemListElement":[{"@type":"ListItem","position":1,"name":"Startseite","item":"https:\/\/www.ullstein.info\/fr\/"},{"@type":"ListItem","position":2,"name":"Formulaires"}]},{"@type":"WebSite","@id":"https:\/\/www.ullstein.info\/#website","url":"https:\/\/www.ullstein.info\/","name":"Ullstein Immobilienmakler - Verkauf und Vermietung von Immobilien - Frankfurt am Main - D\u00fcsseldorf - K\u00f6ln - Berlin","description":"","potentialAction":[{"@type":"SearchAction","target":{"@type":"EntryPoint","urlTemplate":"https:\/\/www.ullstein.info\/?s={search_term_string}"},"query-input":"required name=search_term_string"}],"inLanguage":"fr-FR"}]}},"_links":{"self":[{"href":"https:\/\/www.ullstein.info\/fr\/wp-json\/wp\/v2\/pages\/1456"}],"collection":[{"href":"https:\/\/www.ullstein.info\/fr\/wp-json\/wp\/v2\/pages"}],"about":[{"href":"https:\/\/www.ullstein.info\/fr\/wp-json\/wp\/v2\/types\/page"}],"author":[{"embeddable":true,"href":"https:\/\/www.ullstein.info\/fr\/wp-json\/wp\/v2\/users\/1"}],"replies":[{"embeddable":true,"href":"https:\/\/www.ullstein.info\/fr\/wp-json\/wp\/v2\/comments?post=1456"}],"version-history":[{"count":14,"href":"https:\/\/www.ullstein.info\/fr\/wp-json\/wp\/v2\/pages\/1456\/revisions"}],"predecessor-version":[{"id":2438,"href":"https:\/\/www.ullstein.info\/fr\/wp-json\/wp\/v2\/pages\/1456\/revisions\/2438"}],"wp:featuredmedia":[{"embeddable":true,"href":"https:\/\/www.ullstein.info\/fr\/wp-json\/wp\/v2\/media\/1424"}],"wp:attachment":[{"href":"https:\/\/www.ullstein.info\/fr\/wp-json\/wp\/v2\/media?parent=1456"}],"curies":[{"name":"wp","href":"https:\/\/api.w.org\/{rel}","templated":true}]}}