{"id":1499,"date":"2016-05-23T11:34:34","date_gmt":"2016-05-23T09:34:34","guid":{"rendered":"https:\/\/uls.speck-it.de\/contact\/"},"modified":"2022-11-18T23:33:32","modified_gmt":"2022-11-18T22:33:32","slug":"contact","status":"publish","type":"page","link":"https:\/\/www.ullstein.info\/fr\/contact\/","title":{"rendered":"Contact"},"content":{"rendered":"<p>[vc_row css=\u00a0\u00bb.vc_custom_1648991351508{margin-top: -80px !important;}\u00a0\u00bb el_id=\u00a0\u00bbvc_contact_gmap\u00a0\u00bb][vc_column]<div id='wrap_map_69f45d7605fbc' class='ultimate-map-wrapper ' style='height:550px;'><div id='map_69f45d7605fbc' data-map_override='9' class='ultimate_google_map wpb_content_element ' style='width:100%;height:550px;'><\/div><\/div><script type='text\/javascript'>\n\t\t\t(function($) {\n  \t\t\t'use strict';\n\t\t\tvar map_map_69f45d7605fbc = null;\n\t\t\tvar coordinate_map_69f45d7605fbc;\n\t\t\tvar isDraggable = $(document).width() > 641 ? true : true;\n\t\t\ttry\n\t\t\t{\t\t\t\n\t\t\t\tvar map_map_69f45d7605fbc = null;\n\t\t\t\tvar coordinate_map_69f45d7605fbc;\n\t\t\t\tcoordinate_map_69f45d7605fbc=new google.maps.LatLng(50.10070, 8.67899);\n\t\t\t\tvar mapOptions= \n\t\t\t\t{\n\t\t\t\t\tzoom: 14,\n\t\t\t\t\tcenter: coordinate_map_69f45d7605fbc,\n\t\t\t\t\tscaleControl: true,\n\t\t\t\t\tstreetViewControl: false,\n\t\t\t\t\tmapTypeControl: false,\n\t\t\t\t\tpanControl: true,\n\t\t\t\t\tzoomControl: true,\n\t\t\t\t\tscrollwheel: false,\n\t\t\t\t\tdraggable: isDraggable,\n\t\t\t\t\tzoomControlOptions: {\n\t\t\t\t\t  style: google.maps.ZoomControlStyle.SMALL\n\t\t\t\t\t}, mapTypeControlOptions: {\n\t\t\t\t\t  \t\tmapTypeIds: [google.maps.MapTypeId.ROADMAP, 'map_style']\n\t\t\t\t\t\t}};var styles = [{\"featureType\":\"administrative\",\"elementType\":\"labels.text.fill\",\"stylers\":[{\"color\":\"#444444\"}]},{\"featureType\":\"landscape\",\"elementType\":\"all\",\"stylers\":[{\"color\":\"#f2f2f2\"}]},{\"featureType\":\"poi\",\"elementType\":\"all\",\"stylers\":[{\"visibility\":\"off\"}]},{\"featureType\":\"road\",\"elementType\":\"all\",\"stylers\":[{\"saturation\":-100},{\"lightness\":45}]},{\"featureType\":\"road.highway\",\"elementType\":\"all\",\"stylers\":[{\"visibility\":\"simplified\"}]},{\"featureType\":\"road.arterial\",\"elementType\":\"labels.icon\",\"stylers\":[{\"visibility\":\"off\"}]},{\"featureType\":\"transit\",\"elementType\":\"all\",\"stylers\":[{\"visibility\":\"off\"}]},{\"featureType\":\"water\",\"elementType\":\"all\",\"stylers\":[{\"color\":\"#70ACFF\"},{\"visibility\":\"on\"}]}];\n\t\t\t\t\t\tvar styledMap = new google.maps.StyledMapType(styles,\n\t\t\t\t\t    \t{name: \"Styled Map\"});var map_map_69f45d7605fbc = new google.maps.Map(document.getElementById('map_69f45d7605fbc'),mapOptions);map_map_69f45d7605fbc.mapTypes.set('map_style', styledMap);\n \t\t\t\t\t\t\t map_map_69f45d7605fbc.setMapTypeId('map_style');var marker_map_69f45d7605fbc = new google.maps.Marker({\n\t\t\t\t\t\tposition: new google.maps.LatLng(50.10070, 8.67899),\n\t\t\t\t\t\tanimation:  google.maps.Animation.DROP,\n\t\t\t\t\t\tmap: map_map_69f45d7605fbc,\n\t\t\t\t\t\ticon: 'https:\/\/www.ullstein.info\/wp-content\/themes\/ushuaia\/images\/map-listing.png'\n\t\t\t\t\t});\n\t\t\t\t\tgoogle.maps.event.addListener(marker_map_69f45d7605fbc, 'click', toggleBounce);var infowindow = new google.maps.InfoWindow();\n\t\t\t\t\t\t\tinfowindow.setContent('<div class=\"map_info_text\" style=\\'color:#000;\\'><\/p> <h2>Ullstein Agence Immobili\u00e8re<\/h2> <p><\/div>');infowindow.open(map_map_69f45d7605fbc,marker_map_69f45d7605fbc);google.maps.event.addListener(marker_map_69f45d7605fbc, 'click', function() {\n\t\t\t\t\t\t\t\tinfowindow.open(map_map_69f45d7605fbc,marker_map_69f45d7605fbc);\n\t\t\t\t\t\t  \t});}\n\t\t\tcatch(e){};\n\t\t\tjQuery(document).ready(function($){\n\t\t\t\tgoogle.maps.event.trigger(map_map_69f45d7605fbc, 'resize');\n\t\t\t\t$(window).resize(function(){\n\t\t\t\t\tgoogle.maps.event.trigger(map_map_69f45d7605fbc, 'resize');\n\t\t\t\t\tif(map_map_69f45d7605fbc!=null)\n\t\t\t\t\t\tmap_map_69f45d7605fbc.setCenter(coordinate_map_69f45d7605fbc);\n\t\t\t\t});\n\t\t\t\t$('.ui-tabs').bind('tabsactivate', function(event, ui) {\n\t\t\t\t   if($(this).find('.ultimate-map-wrapper').length > 0)\n\t\t\t\t\t{\n\t\t\t\t\t\tsetTimeout(function(){\n\t\t\t\t\t\t\t$(window).trigger('resize');\n\t\t\t\t\t\t},200);\n\t\t\t\t\t}\n\t\t\t\t});\n\t\t\t\t$('.ui-accordion').bind('accordionactivate', function(event, ui) {\n\t\t\t\t   if($(this).find('.ultimate-map-wrapper').length > 0)\n\t\t\t\t\t{\n\t\t\t\t\t\tsetTimeout(function(){\n\t\t\t\t\t\t\t$(window).trigger('resize');\n\t\t\t\t\t\t},200);\n\t\t\t\t\t}\n\t\t\t\t});\n\t\t\t\t$(window).load(function(){\n\t\t\t\t\tsetTimeout(function(){\n\t\t\t\t\t\t$(window).trigger('resize');\n\t\t\t\t\t},200);\n\t\t\t\t});\n\t\t\t\t$('.ult_exp_section').select(function(){\n\t\t\t\t\tif($(map_map_69f45d7605fbc).parents('.ult_exp_section'))\n\t\t\t\t\t{\n\t\t\t\t\t\tsetTimeout(function(){\n\t\t\t\t\t\t\t$(window).trigger('resize');\n\t\t\t\t\t\t},200);\n\t\t\t\t\t}\n\t\t\t\t});\n\t\t\t\t$(document).on('onUVCModalPopupOpen', function(){\n\t\t\t\t\tif($(map_map_69f45d7605fbc).parents('.ult_modal-content'))\n\t\t\t\t\t{\n\t\t\t\t\t\tsetTimeout(function(){\n\t\t\t\t\t\t\t$(window).trigger('resize');\n\t\t\t\t\t\t},200);\n\t\t\t\t\t}\t\n\t\t\t\t});\n\t\t\t\t$(document).on('click','.ult_tab_li',function(){\n\t\t\t\t\t$(window).trigger('resize');\n\t\t\t\t\tsetTimeout(function(){\n\t\t\t\t\t\t$(window).trigger('resize');\n\t\t\t\t\t},200);\n\t\t\t\t});\n\t\t\t});\n\t\t\tfunction toggleBounce() {\n\t\t\t  if (marker_map_69f45d7605fbc.getAnimation() != null) {\n\t\t\t\tmarker_map_69f45d7605fbc.setAnimation(null);\n\t\t\t  } else {\n\t\t\t\tmarker_map_69f45d7605fbc.setAnimation(google.maps.Animation.BOUNCE);\n\t\t\t  }\n\t\t\t}\n\t\t\t})(jQuery);\n\t\t\t<\/script>[\/vc_column][\/vc_row][vc_row][vc_column]<div class=\"ult-spacer spacer-69f45d76060cc\" data-id=\"69f45d76060cc\" data-height=\"30\" data-height-mobile=\"30\" data-height-tab=\"30\" data-height-tab-portrait=\"\" data-height-mobile-landscape=\"\" style=\"clear:both;display:block;\"><\/div>[vc_column_text]<\/p>\n<h2><span style=\"color: #333333;\">Ullstein Agence Immobili\u00e8re<\/span><\/h2>\n<p><span style=\"color: #333333;\">Propri\u00e9taire Angela Ullstein<\/span><br \/>\n<span style=\"color: #333333;\"> Morgensternstra\u00dfe 37<\/span><br \/>\n<span style=\"color: #333333;\"> 60596 Frankfurt am Main<\/span><\/p>\n<p><span style=\"color: #333333;\">Tel. +49 (0)69-67731110<\/span><br \/>\n<span style=\"color: #333333;\"> Fax. +49 (0)69-67731119<\/span><br \/>\n<span style=\"color: #333333;\"> M\u00f3vil +49 (0)171-3286653<\/span><br \/>\n<span style=\"color: #333333;\"> <a style=\"color: #333333;\" href=\"mailto:mail@ullstein.info\">mail@ullstein.info<\/a><\/span><br \/>\n<span style=\"color: #0088ff;\"> <a style=\"color: #0088ff;\" href=\"https:\/\/www.ullstein.info\">https:\/\/www.ullstein.info<\/a><\/span><\/p>\n<div class=\"print-hidden\"><\/div>\n<p>[\/vc_column_text][\/vc_column][\/vc_row]<\/p>\n","protected":false},"excerpt":{"rendered":"<p>[vc_row css=\u00a0\u00bb.vc_custom_1648991351508{margin-top: -80px !important;}\u00a0\u00bb el_id=\u00a0\u00bbvc_contact_gmap\u00a0\u00bb][vc_column][\/vc_column][\/vc_row][vc_row][vc_column][vc_column_text] Ullstein Agence Immobili\u00e8re Propri\u00e9taire Angela Ullstein Morgensternstra\u00dfe 37 60596 Frankfurt am Main Tel. +49 (0)69-67731110 Fax. +49 (0)69-67731119 M\u00f3vil +49 (0)171-3286653 mail@ullstein.info https:\/\/www.ullstein.info [\/vc_column_text][\/vc_column][\/vc_row]<\/p>\n","protected":false},"author":1,"featured_media":0,"parent":0,"menu_order":0,"comment_status":"closed","ping_status":"closed","template":"","meta":[],"yoast_head":"<!-- This site is optimized with the Yoast SEO plugin v19.10 - https:\/\/yoast.com\/wordpress\/plugins\/seo\/ -->\n<title>Contact - Ullstein Immobilienmakler - Verkauf und Vermietung von Immobilien - Frankfurt am Main - D\u00fcsseldorf - K\u00f6ln - Berlin<\/title>\n<meta name=\"robots\" content=\"index, follow, max-snippet:-1, max-image-preview:large, max-video-preview:-1\" \/>\n<link rel=\"canonical\" href=\"https:\/\/www.ullstein.info\/fr\/contact\/\" \/>\n<meta property=\"og:locale\" content=\"fr_FR\" \/>\n<meta property=\"og:type\" content=\"article\" \/>\n<meta property=\"og:title\" content=\"Contact - Ullstein Immobilienmakler - Verkauf und Vermietung von Immobilien - Frankfurt am Main - D\u00fcsseldorf - K\u00f6ln - Berlin\" \/>\n<meta property=\"og:description\" content=\"[vc_row css=\u00a0\u00bb.vc_custom_1648991351508{margin-top: -80px !important;}\u00a0\u00bb el_id=\u00a0\u00bbvc_contact_gmap\u00a0\u00bb][vc_column][\/vc_column][\/vc_row][vc_row][vc_column][vc_column_text] Ullstein Agence Immobili\u00e8re Propri\u00e9taire Angela Ullstein Morgensternstra\u00dfe 37 60596 Frankfurt am Main Tel. +49 (0)69-67731110 Fax. +49 (0)69-67731119 M\u00f3vil +49 (0)171-3286653 mail@ullstein.info https:\/\/www.ullstein.info [\/vc_column_text][\/vc_column][\/vc_row]\" \/>\n<meta property=\"og:url\" content=\"https:\/\/www.ullstein.info\/fr\/contact\/\" \/>\n<meta property=\"og:site_name\" content=\"Ullstein Immobilienmakler - Verkauf und Vermietung von Immobilien - Frankfurt am Main - D\u00fcsseldorf - K\u00f6ln - Berlin\" \/>\n<meta property=\"article:modified_time\" content=\"2022-11-18T22:33:32+00:00\" \/>\n<meta name=\"twitter:card\" content=\"summary_large_image\" \/>\n<meta name=\"twitter:label1\" content=\"Dur\u00e9e de lecture estim\u00e9e\" \/>\n\t<meta name=\"twitter:data1\" content=\"1 minute\" \/>\n<script type=\"application\/ld+json\" class=\"yoast-schema-graph\">{\"@context\":\"https:\/\/schema.org\",\"@graph\":[{\"@type\":\"WebPage\",\"@id\":\"https:\/\/www.ullstein.info\/fr\/contact\/\",\"url\":\"https:\/\/www.ullstein.info\/fr\/contact\/\",\"name\":\"Contact - Ullstein Immobilienmakler - Verkauf und Vermietung von Immobilien - Frankfurt am Main - D\u00fcsseldorf - K\u00f6ln - Berlin\",\"isPartOf\":{\"@id\":\"https:\/\/www.ullstein.info\/#website\"},\"datePublished\":\"2016-05-23T09:34:34+00:00\",\"dateModified\":\"2022-11-18T22:33:32+00:00\",\"breadcrumb\":{\"@id\":\"https:\/\/www.ullstein.info\/fr\/contact\/#breadcrumb\"},\"inLanguage\":\"fr-FR\",\"potentialAction\":[{\"@type\":\"ReadAction\",\"target\":[\"https:\/\/www.ullstein.info\/fr\/contact\/\"]}]},{\"@type\":\"BreadcrumbList\",\"@id\":\"https:\/\/www.ullstein.info\/fr\/contact\/#breadcrumb\",\"itemListElement\":[{\"@type\":\"ListItem\",\"position\":1,\"name\":\"Startseite\",\"item\":\"https:\/\/www.ullstein.info\/fr\/\"},{\"@type\":\"ListItem\",\"position\":2,\"name\":\"Contact\"}]},{\"@type\":\"WebSite\",\"@id\":\"https:\/\/www.ullstein.info\/#website\",\"url\":\"https:\/\/www.ullstein.info\/\",\"name\":\"Ullstein Immobilienmakler - Verkauf und Vermietung von Immobilien - Frankfurt am Main - D\u00fcsseldorf - K\u00f6ln - Berlin\",\"description\":\"\",\"potentialAction\":[{\"@type\":\"SearchAction\",\"target\":{\"@type\":\"EntryPoint\",\"urlTemplate\":\"https:\/\/www.ullstein.info\/?s={search_term_string}\"},\"query-input\":\"required name=search_term_string\"}],\"inLanguage\":\"fr-FR\"}]}<\/script>\n<!-- \/ Yoast SEO plugin. -->","yoast_head_json":{"title":"Contact - Ullstein Immobilienmakler - Verkauf und Vermietung von Immobilien - Frankfurt am Main - D\u00fcsseldorf - K\u00f6ln - Berlin","robots":{"index":"index","follow":"follow","max-snippet":"max-snippet:-1","max-image-preview":"max-image-preview:large","max-video-preview":"max-video-preview:-1"},"canonical":"https:\/\/www.ullstein.info\/fr\/contact\/","og_locale":"fr_FR","og_type":"article","og_title":"Contact - Ullstein Immobilienmakler - Verkauf und Vermietung von Immobilien - Frankfurt am Main - D\u00fcsseldorf - K\u00f6ln - Berlin","og_description":"[vc_row css=\u00a0\u00bb.vc_custom_1648991351508{margin-top: -80px !important;}\u00a0\u00bb el_id=\u00a0\u00bbvc_contact_gmap\u00a0\u00bb][vc_column][\/vc_column][\/vc_row][vc_row][vc_column][vc_column_text] Ullstein Agence Immobili\u00e8re Propri\u00e9taire Angela Ullstein Morgensternstra\u00dfe 37 60596 Frankfurt am Main Tel. +49 (0)69-67731110 Fax. +49 (0)69-67731119 M\u00f3vil +49 (0)171-3286653 mail@ullstein.info https:\/\/www.ullstein.info [\/vc_column_text][\/vc_column][\/vc_row]","og_url":"https:\/\/www.ullstein.info\/fr\/contact\/","og_site_name":"Ullstein Immobilienmakler - Verkauf und Vermietung von Immobilien - Frankfurt am Main - D\u00fcsseldorf - K\u00f6ln - Berlin","article_modified_time":"2022-11-18T22:33:32+00:00","twitter_card":"summary_large_image","twitter_misc":{"Dur\u00e9e de lecture estim\u00e9e":"1 minute"},"schema":{"@context":"https:\/\/schema.org","@graph":[{"@type":"WebPage","@id":"https:\/\/www.ullstein.info\/fr\/contact\/","url":"https:\/\/www.ullstein.info\/fr\/contact\/","name":"Contact - Ullstein Immobilienmakler - Verkauf und Vermietung von Immobilien - Frankfurt am Main - D\u00fcsseldorf - K\u00f6ln - Berlin","isPartOf":{"@id":"https:\/\/www.ullstein.info\/#website"},"datePublished":"2016-05-23T09:34:34+00:00","dateModified":"2022-11-18T22:33:32+00:00","breadcrumb":{"@id":"https:\/\/www.ullstein.info\/fr\/contact\/#breadcrumb"},"inLanguage":"fr-FR","potentialAction":[{"@type":"ReadAction","target":["https:\/\/www.ullstein.info\/fr\/contact\/"]}]},{"@type":"BreadcrumbList","@id":"https:\/\/www.ullstein.info\/fr\/contact\/#breadcrumb","itemListElement":[{"@type":"ListItem","position":1,"name":"Startseite","item":"https:\/\/www.ullstein.info\/fr\/"},{"@type":"ListItem","position":2,"name":"Contact"}]},{"@type":"WebSite","@id":"https:\/\/www.ullstein.info\/#website","url":"https:\/\/www.ullstein.info\/","name":"Ullstein Immobilienmakler - Verkauf und Vermietung von Immobilien - Frankfurt am Main - D\u00fcsseldorf - K\u00f6ln - Berlin","description":"","potentialAction":[{"@type":"SearchAction","target":{"@type":"EntryPoint","urlTemplate":"https:\/\/www.ullstein.info\/?s={search_term_string}"},"query-input":"required name=search_term_string"}],"inLanguage":"fr-FR"}]}},"_links":{"self":[{"href":"https:\/\/www.ullstein.info\/fr\/wp-json\/wp\/v2\/pages\/1499"}],"collection":[{"href":"https:\/\/www.ullstein.info\/fr\/wp-json\/wp\/v2\/pages"}],"about":[{"href":"https:\/\/www.ullstein.info\/fr\/wp-json\/wp\/v2\/types\/page"}],"author":[{"embeddable":true,"href":"https:\/\/www.ullstein.info\/fr\/wp-json\/wp\/v2\/users\/1"}],"replies":[{"embeddable":true,"href":"https:\/\/www.ullstein.info\/fr\/wp-json\/wp\/v2\/comments?post=1499"}],"version-history":[{"count":8,"href":"https:\/\/www.ullstein.info\/fr\/wp-json\/wp\/v2\/pages\/1499\/revisions"}],"predecessor-version":[{"id":2112,"href":"https:\/\/www.ullstein.info\/fr\/wp-json\/wp\/v2\/pages\/1499\/revisions\/2112"}],"wp:attachment":[{"href":"https:\/\/www.ullstein.info\/fr\/wp-json\/wp\/v2\/media?parent=1499"}],"curies":[{"name":"wp","href":"https:\/\/api.w.org\/{rel}","templated":true}]}}