{"id":1535,"date":"2022-04-02T15:58:31","date_gmt":"2022-04-02T13:58:31","guid":{"rendered":"https:\/\/uls.speck-it.de\/unternehmen\/"},"modified":"2022-06-10T12:14:01","modified_gmt":"2022-06-10T10:14:01","slug":"compagnie","status":"publish","type":"page","link":"https:\/\/www.ullstein.info\/fr\/compagnie\/","title":{"rendered":"Compagnie"},"content":{"rendered":"<p>[vc_row enable_waypoint=\u00a0\u00bbenable_waypoint\u00a0\u00bb viewportfactor=\u00a0\u00bb0&Prime; effect=\u00a0\u00bbfadeInUp\u00a0\u00bb timing=\u00a0\u00bbeaseInOut\u00a0\u00bb seperator_indeed_effects=\u00a0\u00bb\u00a0\u00bb indeed_event=\u00a0\u00bbover\u00a0\u00bb indeed_effect=\u00a0\u00bbfadeInUp\u00a0\u00bb init_hide=\u00a0\u00bb0&Prime; title=\u00a0\u00bb\u00a0\u00bb indeed_ad=\u00a0\u00bb0&Prime; indeed_adr=\u00a0\u00bb1&Prime; indeed_ci=\u00a0\u00bb1&Prime;][vc_column][vc_column_text]<\/p>\n<h2>Notre profil<\/h2>\n<p>L\u2019immobilier est une question de confiance. Depuis 1996, le nom Ullstein Agence Immobili\u00e8re rime avec comp\u00e9tence dans le domaine du courtage immobilier. Notre portefeuille comprend principalement la vente et la location de biens immobiliers r\u00e9sidentiels et commerciaux. Que ce soit \u00e1 Francfort-sur-le-Main, Cologne, D\u00fcsseldorf et Berlin et alentours, nous r\u00e9unissons tout autant les vendeurs et les acqu\u00e9reurs, que les propri\u00e9taires et les locataires. Nos biens actuels destin\u00e9s \u00e0 la vente ou \u00e0 location t\u00e9moignent de notre savoir-faire. Nous serions tr\u00e8s heureux d\u2019entrer en contact avec vous par t\u00e9l\u00e9phone, fax, ou email.[\/vc_column_text][\/vc_column][\/vc_row][vc_row enable_waypoint=\u00a0\u00bbenable_waypoint\u00a0\u00bb viewportfactor=\u00a0\u00bb0&Prime; effect=\u00a0\u00bbfadeInUp\u00a0\u00bb timing=\u00a0\u00bbeaseInOut\u00a0\u00bb seperator_indeed_effects=\u00a0\u00bb\u00a0\u00bb indeed_event=\u00a0\u00bbover\u00a0\u00bb indeed_effect=\u00a0\u00bbfadeInUp\u00a0\u00bb init_hide=\u00a0\u00bb0&Prime; title=\u00a0\u00bb\u00a0\u00bb indeed_ad=\u00a0\u00bb0&Prime; indeed_adr=\u00a0\u00bb1&Prime; indeed_ci=\u00a0\u00bb1&Prime;][vc_column][vc_column_text]<\/p>\n<h2>Notre philosophie<\/h2>\n<p><span style=\"color: #0088ff;\">Notre savoir-faire est votre avantage. Gagnez du temps et prenez soin de votre qualit\u00e9 de vie!<\/span><span style=\"color: #0088ff;\"><br \/>\n<\/span>[\/vc_column_text][\/vc_column][\/vc_row][vc_row enable_waypoint=\u00a0\u00bbenable_waypoint\u00a0\u00bb viewportfactor=\u00a0\u00bb0&Prime; effect=\u00a0\u00bbfadeInUp\u00a0\u00bb timing=\u00a0\u00bbeaseInOut\u00a0\u00bb][vc_column][vc_column_text]<\/p>\n<h2>L\u2019\u00e9quipe et les lieux d\u00b4implantation<\/h2>\n<p>Notre entreprise a \u00e9t\u00e9 fond\u00e9e par Angela Ullstein en 1996 \u00e0 Francfort-sur-le-Main. Auparavant cadre dans une grande banque pendant 14 ans, Angela Ullstein devient responsable du d\u00e9partement foncier et de la construction. En tant qu\u2019entreprise sp\u00e9cialis\u00e9e, l\u2019Agence Immobili\u00e8re Ullstein a acquis une solide r\u00e9putation dans le domaine du courtage, raison pour laquelle elle op\u00e8re \u00e9galement sur les zones adjacentes de Cologne et D\u00fcsseldorf. Celles-ci sont g\u00e9r\u00e9es depuis 2006 par le fr\u00e8re de la propri\u00e9taire, Nikolaus Ullstein. Depuis 2008, l\u2019Agence se d\u00e9veloppe aussi \u00e0 Berlin et Dresde.[\/vc_column_text][\/vc_column][\/vc_row][vc_row enable_waypoint=\u00a0\u00bbenable_waypoint\u00a0\u00bb viewportfactor=\u00a0\u00bb0&Prime; effect=\u00a0\u00bbfadeInUp\u00a0\u00bb timing=\u00a0\u00bbeaseInOut\u00a0\u00bb][vc_column]<div id=\"ultimate-heading69f45d997b431\" class=\"uvc-heading ultimate-heading69f45d997b431 uvc-9084 \" data-hspacer=\"icon_only\"  data-halign=\"left\" style=\"text-align:left\"><div class=\"uvc-heading-spacer icon_only\" style=\"top\"><div class=\"ult-just-icon-wrapper \"><div class=\"align-icon\" style=\"text-align:left;\">\n<div class=\"aio-icon advanced \"  style=\"color:#0088ff;border-style:solid;border-color:#e4e4e4;border-width:1px;width:50px;height:50px;line-height:50px;border-radius:25px;font-size:25px;\">\n\t<i class=\"ALLIcons-users3\"><\/i>\n<\/div><\/div><\/div><\/div><div class=\"uvc-main-heading ult-responsive\"  data-ultimate-target='.uvc-heading.ultimate-heading69f45d997b431 h2'  data-responsive-json-new='{\"font-size\":\"\",\"line-height\":\"\"}' ><h2 style=\"font-weight:normal;\">\u00c9quipe<\/h2><\/div><\/div>[vc_empty_space height=\u00a0\u00bb60px\u00a0\u00bb][vc_column_text css=\u00a0\u00bb.vc_custom_1445068327058{margin-bottom: 10px !important;}\u00a0\u00bb]<\/p>\n<h2>Angela Ullstein<\/h2>\n<p>[\/vc_column_text]<div class=\"uavc-list-icon \"><ul class=\"uavc-list\"><li><div class=\"uavc-list-content\">\n<div class=\"uavc-list-icon \" data-animation=\"\" data-animation-delay=\"03\" style=\"margin-right:10px;\"><div class=\"ult-just-icon-wrapper \"><div class=\"align-icon\" style=\"text-align:center;\">\n<div class=\"aio-icon none \"  style=\"color:#444444;font-size:15px;display:inline-block;\">\n\t<i class=\"Defaults-envelope\"><\/i>\n<\/div><\/div><\/div>\n<\/div><span class=\"uavc-list-desc\"><a href=\"mailto:mail@ullstein.info\">mail@ullstein.info<\/a><\/span><\/div><\/li><li><div class=\"uavc-list-content\">\n<div class=\"uavc-list-icon \" data-animation=\"\" data-animation-delay=\"03\" style=\"margin-right:10px;\"><div class=\"ult-just-icon-wrapper \"><div class=\"align-icon\" style=\"text-align:center;\">\n<div class=\"aio-icon none \"  style=\"color:#444444;font-size:15px;display:inline-block;\">\n\t<i class=\"Defaults-phone\"><\/i>\n<\/div><\/div><\/div>\n<\/div><span class=\"uavc-list-desc\">+49 (0)69 677 311 10 \/ +49 (0)171 32 866 53<\/span><\/div><\/li><\/ul><\/div>[vc_column_text]<a class=\"btn btn-primary\" href=\"https:\/\/www.ullstein.info\/author\/angela-ullstein\/?listings=1\">Mes objets<\/a>[\/vc_column_text][\/vc_column][\/vc_row][vc_row enable_waypoint=\u00a0\u00bbenable_waypoint\u00a0\u00bb viewportfactor=\u00a0\u00bb0&Prime; effect=\u00a0\u00bbfadeInUp\u00a0\u00bb timing=\u00a0\u00bbeaseInOut\u00a0\u00bb][vc_column][vc_separator style=\u00a0\u00bbdotted\u00a0\u00bb][vc_column_text css=\u00a0\u00bb.vc_custom_1445068340203{margin-bottom: 10px !important;}\u00a0\u00bb]<\/p>\n<h2>Nikolaus Ullstein<\/h2>\n<p>[\/vc_column_text]<div class=\"uavc-list-icon \"><ul class=\"uavc-list\"><li><div class=\"uavc-list-content\">\n<div class=\"uavc-list-icon \" data-animation=\"\" data-animation-delay=\"03\" style=\"margin-right:10px;\"><div class=\"ult-just-icon-wrapper \"><div class=\"align-icon\" style=\"text-align:center;\">\n<div class=\"aio-icon none \"  style=\"color:#444444;font-size:15px;display:inline-block;\">\n\t<i class=\"Defaults-envelope\"><\/i>\n<\/div><\/div><\/div>\n<\/div><span class=\"uavc-list-desc\"><a href=\"mailto:nikolaus@ullstein.info\">nikolaus@ullstein.info<\/a><\/span><\/div><\/li><li><div class=\"uavc-list-content\">\n<div class=\"uavc-list-icon \" data-animation=\"\" data-animation-delay=\"03\" style=\"margin-right:10px;\"><div class=\"ult-just-icon-wrapper \"><div class=\"align-icon\" style=\"text-align:center;\">\n<div class=\"aio-icon none \"  style=\"color:#444444;font-size:15px;display:inline-block;\">\n\t<i class=\"Defaults-phone\"><\/i>\n<\/div><\/div><\/div>\n<\/div><span class=\"uavc-list-desc\">+49 (0)211 688 141 22 \/ +49 (0)69 677 311 11 \/ +49 (0)170 52 495 01<\/span><\/div><\/li><\/ul><\/div>[vc_column_text]<a class=\"btn btn-primary\" href=\"https:\/\/www.ullstein.info\/author\/nikolaus-ullstein\/?listings=1\">Mes objets<\/a>[\/vc_column_text][\/vc_column][\/vc_row]<\/p>\n","protected":false},"excerpt":{"rendered":"<p>[vc_row enable_waypoint=\u00a0\u00bbenable_waypoint\u00a0\u00bb viewportfactor=\u00a0\u00bb0&Prime; effect=\u00a0\u00bbfadeInUp\u00a0\u00bb timing=\u00a0\u00bbeaseInOut\u00a0\u00bb seperator_indeed_effects=\u00a0\u00bb\u00a0\u00bb indeed_event=\u00a0\u00bbover\u00a0\u00bb indeed_effect=\u00a0\u00bbfadeInUp\u00a0\u00bb init_hide=\u00a0\u00bb0&Prime; title=\u00a0\u00bb\u00a0\u00bb indeed_ad=\u00a0\u00bb0&Prime; indeed_adr=\u00a0\u00bb1&Prime; indeed_ci=\u00a0\u00bb1&Prime;][vc_column][vc_column_text] Notre profil L\u2019immobilier est une question de confiance. Depuis 1996, le nom Ullstein Agence Immobili\u00e8re rime avec comp\u00e9tence dans le domaine du courtage immobilier. Notre portefeuille comprend principalement la vente et la location de biens immobiliers r\u00e9sidentiels et commerciaux. Que ce soit <span class=\"moretag\"><a href=\"https:\/\/www.ullstein.info\/fr\/compagnie\/\">More info<\/a><\/span><\/p>\n","protected":false},"author":1,"featured_media":1409,"parent":0,"menu_order":0,"comment_status":"closed","ping_status":"closed","template":"","meta":[],"yoast_head":"<!-- This site is optimized with the Yoast SEO plugin v19.10 - https:\/\/yoast.com\/wordpress\/plugins\/seo\/ -->\n<title>Compagnie - Ullstein Immobilienmakler - Verkauf und Vermietung von Immobilien - Frankfurt am Main - D\u00fcsseldorf - K\u00f6ln - Berlin<\/title>\n<meta name=\"robots\" content=\"index, follow, max-snippet:-1, max-image-preview:large, max-video-preview:-1\" \/>\n<link rel=\"canonical\" href=\"https:\/\/www.ullstein.info\/fr\/compagnie\/\" \/>\n<meta property=\"og:locale\" content=\"fr_FR\" \/>\n<meta property=\"og:type\" content=\"article\" \/>\n<meta property=\"og:title\" content=\"Compagnie - Ullstein Immobilienmakler - Verkauf und Vermietung von Immobilien - Frankfurt am Main - D\u00fcsseldorf - K\u00f6ln - Berlin\" \/>\n<meta property=\"og:description\" content=\"[vc_row enable_waypoint=\u00a0\u00bbenable_waypoint\u00a0\u00bb viewportfactor=\u00a0\u00bb0&Prime; effect=\u00a0\u00bbfadeInUp\u00a0\u00bb timing=\u00a0\u00bbeaseInOut\u00a0\u00bb seperator_indeed_effects=\u00a0\u00bb\u00a0\u00bb indeed_event=\u00a0\u00bbover\u00a0\u00bb indeed_effect=\u00a0\u00bbfadeInUp\u00a0\u00bb init_hide=\u00a0\u00bb0&Prime; title=\u00a0\u00bb\u00a0\u00bb indeed_ad=\u00a0\u00bb0&Prime; indeed_adr=\u00a0\u00bb1&Prime; indeed_ci=\u00a0\u00bb1&Prime;][vc_column][vc_column_text] Notre profil L\u2019immobilier est une question de confiance. Depuis 1996, le nom Ullstein Agence Immobili\u00e8re rime avec comp\u00e9tence dans le domaine du courtage immobilier. Notre portefeuille comprend principalement la vente et la location de biens immobiliers r\u00e9sidentiels et commerciaux. Que ce soit More info\" \/>\n<meta property=\"og:url\" content=\"https:\/\/www.ullstein.info\/fr\/compagnie\/\" \/>\n<meta property=\"og:site_name\" content=\"Ullstein Immobilienmakler - Verkauf und Vermietung von Immobilien - Frankfurt am Main - D\u00fcsseldorf - K\u00f6ln - Berlin\" \/>\n<meta property=\"article:modified_time\" content=\"2022-06-10T10:14:01+00:00\" \/>\n<meta property=\"og:image\" content=\"https:\/\/www.ullstein.info\/wp-content\/uploads\/2022\/04\/Unternehmen.jpg\" \/>\n\t<meta property=\"og:image:width\" content=\"960\" \/>\n\t<meta property=\"og:image:height\" content=\"666\" \/>\n\t<meta property=\"og:image:type\" content=\"image\/jpeg\" \/>\n<meta name=\"twitter:card\" content=\"summary_large_image\" \/>\n<meta name=\"twitter:label1\" content=\"Dur\u00e9e de lecture estim\u00e9e\" \/>\n\t<meta name=\"twitter:data1\" content=\"2 minutes\" \/>\n<script type=\"application\/ld+json\" class=\"yoast-schema-graph\">{\"@context\":\"https:\/\/schema.org\",\"@graph\":[{\"@type\":\"WebPage\",\"@id\":\"https:\/\/www.ullstein.info\/fr\/compagnie\/\",\"url\":\"https:\/\/www.ullstein.info\/fr\/compagnie\/\",\"name\":\"Compagnie - Ullstein Immobilienmakler - Verkauf und Vermietung von Immobilien - Frankfurt am Main - D\u00fcsseldorf - K\u00f6ln - Berlin\",\"isPartOf\":{\"@id\":\"https:\/\/www.ullstein.info\/#website\"},\"datePublished\":\"2022-04-02T13:58:31+00:00\",\"dateModified\":\"2022-06-10T10:14:01+00:00\",\"breadcrumb\":{\"@id\":\"https:\/\/www.ullstein.info\/fr\/compagnie\/#breadcrumb\"},\"inLanguage\":\"fr-FR\",\"potentialAction\":[{\"@type\":\"ReadAction\",\"target\":[\"https:\/\/www.ullstein.info\/fr\/compagnie\/\"]}]},{\"@type\":\"BreadcrumbList\",\"@id\":\"https:\/\/www.ullstein.info\/fr\/compagnie\/#breadcrumb\",\"itemListElement\":[{\"@type\":\"ListItem\",\"position\":1,\"name\":\"Startseite\",\"item\":\"https:\/\/www.ullstein.info\/fr\/\"},{\"@type\":\"ListItem\",\"position\":2,\"name\":\"Compagnie\"}]},{\"@type\":\"WebSite\",\"@id\":\"https:\/\/www.ullstein.info\/#website\",\"url\":\"https:\/\/www.ullstein.info\/\",\"name\":\"Ullstein Immobilienmakler - Verkauf und Vermietung von Immobilien - Frankfurt am Main - D\u00fcsseldorf - K\u00f6ln - Berlin\",\"description\":\"\",\"potentialAction\":[{\"@type\":\"SearchAction\",\"target\":{\"@type\":\"EntryPoint\",\"urlTemplate\":\"https:\/\/www.ullstein.info\/?s={search_term_string}\"},\"query-input\":\"required name=search_term_string\"}],\"inLanguage\":\"fr-FR\"}]}<\/script>\n<!-- \/ Yoast SEO plugin. -->","yoast_head_json":{"title":"Compagnie - Ullstein Immobilienmakler - Verkauf und Vermietung von Immobilien - Frankfurt am Main - D\u00fcsseldorf - K\u00f6ln - Berlin","robots":{"index":"index","follow":"follow","max-snippet":"max-snippet:-1","max-image-preview":"max-image-preview:large","max-video-preview":"max-video-preview:-1"},"canonical":"https:\/\/www.ullstein.info\/fr\/compagnie\/","og_locale":"fr_FR","og_type":"article","og_title":"Compagnie - Ullstein Immobilienmakler - Verkauf und Vermietung von Immobilien - Frankfurt am Main - D\u00fcsseldorf - K\u00f6ln - Berlin","og_description":"[vc_row enable_waypoint=\u00a0\u00bbenable_waypoint\u00a0\u00bb viewportfactor=\u00a0\u00bb0&Prime; effect=\u00a0\u00bbfadeInUp\u00a0\u00bb timing=\u00a0\u00bbeaseInOut\u00a0\u00bb seperator_indeed_effects=\u00a0\u00bb\u00a0\u00bb indeed_event=\u00a0\u00bbover\u00a0\u00bb indeed_effect=\u00a0\u00bbfadeInUp\u00a0\u00bb init_hide=\u00a0\u00bb0&Prime; title=\u00a0\u00bb\u00a0\u00bb indeed_ad=\u00a0\u00bb0&Prime; indeed_adr=\u00a0\u00bb1&Prime; indeed_ci=\u00a0\u00bb1&Prime;][vc_column][vc_column_text] Notre profil L\u2019immobilier est une question de confiance. Depuis 1996, le nom Ullstein Agence Immobili\u00e8re rime avec comp\u00e9tence dans le domaine du courtage immobilier. Notre portefeuille comprend principalement la vente et la location de biens immobiliers r\u00e9sidentiels et commerciaux. Que ce soit More info","og_url":"https:\/\/www.ullstein.info\/fr\/compagnie\/","og_site_name":"Ullstein Immobilienmakler - Verkauf und Vermietung von Immobilien - Frankfurt am Main - D\u00fcsseldorf - K\u00f6ln - Berlin","article_modified_time":"2022-06-10T10:14:01+00:00","og_image":[{"width":960,"height":666,"url":"https:\/\/www.ullstein.info\/wp-content\/uploads\/2022\/04\/Unternehmen.jpg","type":"image\/jpeg"}],"twitter_card":"summary_large_image","twitter_misc":{"Dur\u00e9e de lecture estim\u00e9e":"2 minutes"},"schema":{"@context":"https:\/\/schema.org","@graph":[{"@type":"WebPage","@id":"https:\/\/www.ullstein.info\/fr\/compagnie\/","url":"https:\/\/www.ullstein.info\/fr\/compagnie\/","name":"Compagnie - Ullstein Immobilienmakler - Verkauf und Vermietung von Immobilien - Frankfurt am Main - D\u00fcsseldorf - K\u00f6ln - Berlin","isPartOf":{"@id":"https:\/\/www.ullstein.info\/#website"},"datePublished":"2022-04-02T13:58:31+00:00","dateModified":"2022-06-10T10:14:01+00:00","breadcrumb":{"@id":"https:\/\/www.ullstein.info\/fr\/compagnie\/#breadcrumb"},"inLanguage":"fr-FR","potentialAction":[{"@type":"ReadAction","target":["https:\/\/www.ullstein.info\/fr\/compagnie\/"]}]},{"@type":"BreadcrumbList","@id":"https:\/\/www.ullstein.info\/fr\/compagnie\/#breadcrumb","itemListElement":[{"@type":"ListItem","position":1,"name":"Startseite","item":"https:\/\/www.ullstein.info\/fr\/"},{"@type":"ListItem","position":2,"name":"Compagnie"}]},{"@type":"WebSite","@id":"https:\/\/www.ullstein.info\/#website","url":"https:\/\/www.ullstein.info\/","name":"Ullstein Immobilienmakler - Verkauf und Vermietung von Immobilien - Frankfurt am Main - D\u00fcsseldorf - K\u00f6ln - Berlin","description":"","potentialAction":[{"@type":"SearchAction","target":{"@type":"EntryPoint","urlTemplate":"https:\/\/www.ullstein.info\/?s={search_term_string}"},"query-input":"required name=search_term_string"}],"inLanguage":"fr-FR"}]}},"_links":{"self":[{"href":"https:\/\/www.ullstein.info\/fr\/wp-json\/wp\/v2\/pages\/1535"}],"collection":[{"href":"https:\/\/www.ullstein.info\/fr\/wp-json\/wp\/v2\/pages"}],"about":[{"href":"https:\/\/www.ullstein.info\/fr\/wp-json\/wp\/v2\/types\/page"}],"author":[{"embeddable":true,"href":"https:\/\/www.ullstein.info\/fr\/wp-json\/wp\/v2\/users\/1"}],"replies":[{"embeddable":true,"href":"https:\/\/www.ullstein.info\/fr\/wp-json\/wp\/v2\/comments?post=1535"}],"version-history":[{"count":5,"href":"https:\/\/www.ullstein.info\/fr\/wp-json\/wp\/v2\/pages\/1535\/revisions"}],"predecessor-version":[{"id":2014,"href":"https:\/\/www.ullstein.info\/fr\/wp-json\/wp\/v2\/pages\/1535\/revisions\/2014"}],"wp:featuredmedia":[{"embeddable":true,"href":"https:\/\/www.ullstein.info\/fr\/wp-json\/wp\/v2\/media\/1409"}],"wp:attachment":[{"href":"https:\/\/www.ullstein.info\/fr\/wp-json\/wp\/v2\/media?parent=1535"}],"curies":[{"name":"wp","href":"https:\/\/api.w.org\/{rel}","templated":true}]}}